{"id":26892,"date":"2023-07-24T13:19:04","date_gmt":"2023-07-24T13:19:04","guid":{"rendered":"https:\/\/www.gedy.com\/product\/romance-handtuchhalter-35-cm-bronze\/"},"modified":"2024-12-10T11:28:18","modified_gmt":"2024-12-10T11:28:18","slug":"romance-handtuchhalter-35-cm-bronze","status":"publish","type":"product","link":"https:\/\/www.gedy.com\/de\/prodotto\/romance-handtuchhalter-35-cm-bronze\/","title":{"rendered":"Romance handtuchhalter 35 cm bronze"},"content":{"rendered":"","protected":false},"excerpt":{"rendered":"<p>Handtuchhalter in der gr\u00f6sse von 35 cm, \u00e4nderbare L\u00e4nge 10\/45<\/p>\n","protected":false},"featured_media":26649,"comment_status":"open","ping_status":"closed","template":"","meta":{"_acf_changed":false,"_monsterinsights_skip_tracking":false,"_monsterinsights_sitenote_active":false,"_monsterinsights_sitenote_note":"","_monsterinsights_sitenote_category":0},"product_brand":[],"product_cat":[3260,1219,443],"product_tag":[],"class_list":{"0":"post-26892","1":"product","2":"type-product","3":"status-publish","4":"has-post-thumbnail","6":"product_cat-handtuchhalter-de-11","7":"product_cat-romance-de","8":"product_cat-wandzubehoer","9":"pa_brand-gedy-de-2","10":"pa_filtri-accorciabilita-de","11":"pa_fissaggio-con-colla-de","12":"pa_fissaggio-con-viti-de","13":"pa_materiale-cromall-de","14":"pa_materiale-rostfreier-stahl","16":"first","17":"instock","18":"shipping-taxable","19":"product-type-simple"},"acf":{"codice_breve_prodotto":"7521-35","codice_esteso_prodotto":"000075214435200","capacita":"","progetto":"","design":"","materiale":"EDELSTAHL, CROMALL\u00ae","brand":"Gedy","fissaggio_2":"Mit SCHARAUBEN","fissaggio_3":"BEFESTIGUNG MIT KLEBER (SEPARAT ERH\u00c4LTLICH), BELASTUNG GEPR\u00dcFT 10 KG","misure_tecniche":"34,8X7,7X5,6","misure_commerciali":"35 CM","finitura_1_nome":"BRONZE","finitura_1_codice":"44","idprodotto":"7521-35","dimensione":"","finitura_2_codice":"","finitura_2_nome":"","finitura_3_nome":"","finitura_4_nome":"","finitura_1_immagine":{"ID":57167,"id":57167,"title":"44","filename":"44.jpg","filesize":15504,"url":"https:\/\/www.gedy.com\/wp-content\/uploads\/2023\/07\/44.jpg","link":"https:\/\/www.gedy.com\/de\/?attachment_id=57167","alt":"","author":"1","description":"","caption":"","name":"44-2","status":"inherit","uploaded_to":34089,"date":"2023-10-04 08:26:07","modified":"2023-10-04 08:26:07","menu_order":0,"mime_type":"image\/jpeg","type":"image","subtype":"jpeg","icon":"https:\/\/www.gedy.com\/wp-includes\/images\/media\/default.png","width":300,"height":284,"sizes":{"thumbnail":"https:\/\/www.gedy.com\/wp-content\/uploads\/2023\/07\/44-150x150.jpg","thumbnail-width":150,"thumbnail-height":150,"medium":"https:\/\/www.gedy.com\/wp-content\/uploads\/2023\/07\/44.jpg","medium-width":300,"medium-height":284,"medium_large":"https:\/\/www.gedy.com\/wp-content\/uploads\/2023\/07\/44.jpg","medium_large-width":300,"medium_large-height":284,"large":"https:\/\/www.gedy.com\/wp-content\/uploads\/2023\/07\/44.jpg","large-width":300,"large-height":284,"1536x1536":"https:\/\/www.gedy.com\/wp-content\/uploads\/2023\/07\/44.jpg","1536x1536-width":300,"1536x1536-height":284,"2048x2048":"https:\/\/www.gedy.com\/wp-content\/uploads\/2023\/07\/44.jpg","2048x2048-width":300,"2048x2048-height":284,"wptl-600x450":"https:\/\/www.gedy.com\/wp-content\/uploads\/2023\/07\/44.jpg","wptl-600x450-width":300,"wptl-600x450-height":284,"wptl-320x220":"https:\/\/www.gedy.com\/wp-content\/uploads\/2023\/07\/44-300x220.jpg","wptl-320x220-width":300,"wptl-320x220-height":220,"wptl-100x100":"https:\/\/www.gedy.com\/wp-content\/uploads\/2023\/07\/44-100x100.jpg","wptl-100x100-width":100,"wptl-100x100-height":100,"woocommerce_thumbnail":"https:\/\/www.gedy.com\/wp-content\/uploads\/2023\/07\/44.jpg","woocommerce_thumbnail-width":300,"woocommerce_thumbnail-height":284,"woocommerce_single":"https:\/\/www.gedy.com\/wp-content\/uploads\/2023\/07\/44.jpg","woocommerce_single-width":300,"woocommerce_single-height":284,"woocommerce_gallery_thumbnail":"https:\/\/www.gedy.com\/wp-content\/uploads\/2023\/07\/44-100x100.jpg","woocommerce_gallery_thumbnail-width":100,"woocommerce_gallery_thumbnail-height":100}},"accorciabilita":"accorciabilit\u00e0","finitura_3_codice":"","finitura_4_codice":""},"_links":{"self":[{"href":"https:\/\/www.gedy.com\/de\/wp-json\/wp\/v2\/product\/26892","targetHints":{"allow":["GET"]}}],"collection":[{"href":"https:\/\/www.gedy.com\/de\/wp-json\/wp\/v2\/product"}],"about":[{"href":"https:\/\/www.gedy.com\/de\/wp-json\/wp\/v2\/types\/product"}],"replies":[{"embeddable":true,"href":"https:\/\/www.gedy.com\/de\/wp-json\/wp\/v2\/comments?post=26892"}],"wp:featuredmedia":[{"embeddable":true,"href":"https:\/\/www.gedy.com\/de\/wp-json\/wp\/v2\/media\/26649"}],"wp:attachment":[{"href":"https:\/\/www.gedy.com\/de\/wp-json\/wp\/v2\/media?parent=26892"}],"wp:term":[{"taxonomy":"product_brand","embeddable":true,"href":"https:\/\/www.gedy.com\/de\/wp-json\/wp\/v2\/product_brand?post=26892"},{"taxonomy":"product_cat","embeddable":true,"href":"https:\/\/www.gedy.com\/de\/wp-json\/wp\/v2\/product_cat?post=26892"},{"taxonomy":"product_tag","embeddable":true,"href":"https:\/\/www.gedy.com\/de\/wp-json\/wp\/v2\/product_tag?post=26892"}],"curies":[{"name":"wp","href":"https:\/\/api.w.org\/{rel}","templated":true}]}}