{"id":17354,"date":"2023-07-21T10:04:19","date_gmt":"2023-07-21T10:04:19","guid":{"rendered":"https:\/\/www.gedy.com\/product\/azzorre-zahnbuerstenhalter-fuer-ausruestbarer-handtuchhalter\/"},"modified":"2024-05-14T07:14:48","modified_gmt":"2024-05-14T07:14:48","slug":"azzorre-zahnbuerstenhalter-fuer-ausruestbarer-handtuchhalter","status":"publish","type":"product","link":"https:\/\/www.gedy.com\/de\/prodotto\/azzorre-zahnbuerstenhalter-fuer-ausruestbarer-handtuchhalter\/","title":{"rendered":"Azzorre zahnb\u00fcrstenhalter f\u00fcr ausr\u00fcstbarer handtuchhalter"},"content":{"rendered":"","protected":false},"excerpt":{"rendered":"<p>Zahnb\u00fcrstenhalter mit beh\u00e4ltern aus satiniertem glas f\u00fcr ausr\u00fcstbarer handtuchhalter a147<\/p>\n","protected":false},"featured_media":37076,"comment_status":"open","ping_status":"closed","template":"","meta":{"_acf_changed":false,"_monsterinsights_skip_tracking":false,"_monsterinsights_sitenote_active":false,"_monsterinsights_sitenote_note":"","_monsterinsights_sitenote_category":0},"product_brand":[],"product_cat":[1079,1465,443],"product_tag":[],"class_list":{"0":"post-17354","1":"product","2":"type-product","3":"status-publish","4":"has-post-thumbnail","6":"product_cat-azzorre-de","7":"product_cat-wand-zahnbuertsenhaltern-azzorre-de","8":"product_cat-wandzubehoer","9":"pa_brand-top-design-de-2","10":"pa_materiale-satiniertem-glas","12":"first","13":"instock","14":"shipping-taxable","15":"product-type-simple"},"acf":{"codice_breve_prodotto":"A198","codice_esteso_prodotto":"0000A198S200000","capacita":"","progetto":"","design":"","materiale":"SATINIERTEM GLAS","brand":"Top design","fissaggio_3":"","misure_tecniche":"\u00d88,3X11,5","finitura_1_nome":"SATINIERT\/CHROM","finitura_1_codice":"S2","idprodotto":"A198","finitura_1_immagine":{"ID":62886,"id":62886,"title":"S2","filename":"S2.png","filesize":26153,"url":"https:\/\/www.gedy.com\/wp-content\/uploads\/2023\/07\/S2.png","link":"https:\/\/www.gedy.com\/de\/?attachment_id=62886","alt":"","author":"1","description":"","caption":"","name":"s2-2","status":"inherit","uploaded_to":17362,"date":"2023-11-02 10:17:57","modified":"2023-11-02 10:17:57","menu_order":0,"mime_type":"image\/png","type":"image","subtype":"png","icon":"https:\/\/www.gedy.com\/wp-includes\/images\/media\/default.png","width":642,"height":645,"sizes":{"thumbnail":"https:\/\/www.gedy.com\/wp-content\/uploads\/2023\/07\/S2-150x150.png","thumbnail-width":150,"thumbnail-height":150,"medium":"https:\/\/www.gedy.com\/wp-content\/uploads\/2023\/07\/S2-300x300.png","medium-width":300,"medium-height":300,"medium_large":"https:\/\/www.gedy.com\/wp-content\/uploads\/2023\/07\/S2.png","medium_large-width":642,"medium_large-height":645,"large":"https:\/\/www.gedy.com\/wp-content\/uploads\/2023\/07\/S2.png","large-width":642,"large-height":645,"1536x1536":"https:\/\/www.gedy.com\/wp-content\/uploads\/2023\/07\/S2.png","1536x1536-width":642,"1536x1536-height":645,"2048x2048":"https:\/\/www.gedy.com\/wp-content\/uploads\/2023\/07\/S2.png","2048x2048-width":642,"2048x2048-height":645,"wptl-600x450":"https:\/\/www.gedy.com\/wp-content\/uploads\/2023\/07\/S2-600x450.png","wptl-600x450-width":600,"wptl-600x450-height":450,"wptl-320x220":"https:\/\/www.gedy.com\/wp-content\/uploads\/2023\/07\/S2-320x220.png","wptl-320x220-width":320,"wptl-320x220-height":220,"wptl-100x100":"https:\/\/www.gedy.com\/wp-content\/uploads\/2023\/07\/S2-100x100.png","wptl-100x100-width":100,"wptl-100x100-height":100,"woocommerce_thumbnail":"https:\/\/www.gedy.com\/wp-content\/uploads\/2023\/07\/S2-300x300.png","woocommerce_thumbnail-width":300,"woocommerce_thumbnail-height":300,"woocommerce_single":"https:\/\/www.gedy.com\/wp-content\/uploads\/2023\/07\/S2-600x603.png","woocommerce_single-width":600,"woocommerce_single-height":603,"woocommerce_gallery_thumbnail":"https:\/\/www.gedy.com\/wp-content\/uploads\/2023\/07\/S2-100x100.png","woocommerce_gallery_thumbnail-width":100,"woocommerce_gallery_thumbnail-height":100}},"dimensione":"","finitura_2_codice":"","finitura_3_codice":"","finitura_4_codice":"","finitura_2_nome":"","finitura_3_nome":"","finitura_4_nome":""},"_links":{"self":[{"href":"https:\/\/www.gedy.com\/de\/wp-json\/wp\/v2\/product\/17354","targetHints":{"allow":["GET"]}}],"collection":[{"href":"https:\/\/www.gedy.com\/de\/wp-json\/wp\/v2\/product"}],"about":[{"href":"https:\/\/www.gedy.com\/de\/wp-json\/wp\/v2\/types\/product"}],"replies":[{"embeddable":true,"href":"https:\/\/www.gedy.com\/de\/wp-json\/wp\/v2\/comments?post=17354"}],"wp:featuredmedia":[{"embeddable":true,"href":"https:\/\/www.gedy.com\/de\/wp-json\/wp\/v2\/media\/37076"}],"wp:attachment":[{"href":"https:\/\/www.gedy.com\/de\/wp-json\/wp\/v2\/media?parent=17354"}],"wp:term":[{"taxonomy":"product_brand","embeddable":true,"href":"https:\/\/www.gedy.com\/de\/wp-json\/wp\/v2\/product_brand?post=17354"},{"taxonomy":"product_cat","embeddable":true,"href":"https:\/\/www.gedy.com\/de\/wp-json\/wp\/v2\/product_cat?post=17354"},{"taxonomy":"product_tag","embeddable":true,"href":"https:\/\/www.gedy.com\/de\/wp-json\/wp\/v2\/product_tag?post=17354"}],"curies":[{"name":"wp","href":"https:\/\/api.w.org\/{rel}","templated":true}]}}