{"id":121515,"date":"2026-04-28T13:18:22","date_gmt":"2026-04-28T13:18:22","guid":{"rendered":"https:\/\/www.gedy.com\/prodotto\/star-plus-05-ausziehbaren-duschsaeule-rosegold\/"},"modified":"2026-04-28T14:21:19","modified_gmt":"2026-04-28T14:21:19","slug":"star-plus-05-ausziehbaren-duschsaeule-rosegold","status":"publish","type":"product","link":"https:\/\/www.gedy.com\/de\/prodotto\/star-plus-05-ausziehbaren-duschsaeule-rosegold\/","title":{"rendered":"Star plus 05 ausziehbaren duschs\u00e4ule ros\u00e9gold"},"content":{"rendered":"","protected":false},"excerpt":{"rendered":"<p>Ausziehbare duschs\u00e4ule 84-144 cm, manuelle mischbaterie, duschkopf 1 strahl \u00f8 22,5 cm, handbrause 3 strahlarten, schlauch 150 cm 1\/2 x1\/2  mit verdrehschutz. plus produkt: das vorhandensein von mikrofonen, die einen nebel-effekt, universelle befestigung, antischfilter und eine wassereinsparung von 50% haben. d\u00fcsen mit einfachem reinigungssystem. der flexible ist verdrehsicher, biegefest und temperaturbest\u00e4ndig bei 90\u00b0<\/p>\n","protected":false},"featured_media":121143,"comment_status":"open","ping_status":"closed","template":"","meta":{"_acf_changed":false,"_monsterinsights_skip_tracking":false,"_monsterinsights_sitenote_active":false,"_monsterinsights_sitenote_note":"","_monsterinsights_sitenote_category":0},"product_brand":[],"product_cat":[10643,2201,7279],"product_tag":[],"class_list":{"0":"post-121515","1":"product","2":"type-product","3":"status-publish","4":"has-post-thumbnail","6":"product_cat-duschsaeule-star-plus-05","7":"product_cat-hydroterapie","8":"product_cat-verstellbare-duschsaeule","9":"pa_brand-gedy-de-2","10":"pa_filtri-novita-de","11":"pa_filtri-universale-de","12":"pa_materiale-abs-de","13":"pa_materiale-rostfreier-stahl","14":"pa_numero-getti-3-de-2","16":"first","17":"instock","18":"shipping-taxable","19":"product-type-simple"},"acf":{"codice_breve_prodotto":"GYSC10255","codice_esteso_prodotto":"0000GYSC1025560","progetto":"","design":"","misure_tecniche":"49X28,8X144","idprodotto":"GYSC10255","universale":"universale","numero_getti":"3 getti","novita":"novit\u00e0","brand":"Gedy","materiale":"EDELSTAHL, ABS","finitura_1_codice":"82","finitura_1_nome":"ROS\u00c9GOLD","fissaggio_3":""},"_links":{"self":[{"href":"https:\/\/www.gedy.com\/de\/wp-json\/wp\/v2\/product\/121515","targetHints":{"allow":["GET"]}}],"collection":[{"href":"https:\/\/www.gedy.com\/de\/wp-json\/wp\/v2\/product"}],"about":[{"href":"https:\/\/www.gedy.com\/de\/wp-json\/wp\/v2\/types\/product"}],"replies":[{"embeddable":true,"href":"https:\/\/www.gedy.com\/de\/wp-json\/wp\/v2\/comments?post=121515"}],"wp:featuredmedia":[{"embeddable":true,"href":"https:\/\/www.gedy.com\/de\/wp-json\/wp\/v2\/media\/121143"}],"wp:attachment":[{"href":"https:\/\/www.gedy.com\/de\/wp-json\/wp\/v2\/media?parent=121515"}],"wp:term":[{"taxonomy":"product_brand","embeddable":true,"href":"https:\/\/www.gedy.com\/de\/wp-json\/wp\/v2\/product_brand?post=121515"},{"taxonomy":"product_cat","embeddable":true,"href":"https:\/\/www.gedy.com\/de\/wp-json\/wp\/v2\/product_cat?post=121515"},{"taxonomy":"product_tag","embeddable":true,"href":"https:\/\/www.gedy.com\/de\/wp-json\/wp\/v2\/product_tag?post=121515"}],"curies":[{"name":"wp","href":"https:\/\/api.w.org\/{rel}","templated":true}]}}