{"id":121503,"date":"2026-04-28T13:11:28","date_gmt":"2026-04-28T13:11:28","guid":{"rendered":"https:\/\/www.gedy.com\/prodotto\/star-plus-02-ausziehbaren-duschsaeule-gun-metal\/"},"modified":"2026-04-28T14:14:00","modified_gmt":"2026-04-28T14:14:00","slug":"star-plus-02-ausziehbaren-duschsaeule-gun-metal","status":"publish","type":"product","link":"https:\/\/www.gedy.com\/de\/prodotto\/star-plus-02-ausziehbaren-duschsaeule-gun-metal\/","title":{"rendered":"Star plus 02 ausziehbaren duschs\u00e4ule gun metal"},"content":{"rendered":"","protected":false},"excerpt":{"rendered":"<p>Ausziehbare duschs\u00e4ule 84-144 cm, manuelle mischbaterie, duschkopf 1 strahl \u00f8 22,5 cm, handbrause 3 strahlarten, schlauch 150 cm 1\/2 x1\/2  mit verdrehschutz. plus produkt: das vorhandensein von mikrofonen, die einen nebel-effekt, universelle befestigung, antischfilter und eine wassereinsparung von 50% haben. d\u00fcsen mit einfachem reinigungssystem. der flexible ist verdrehsicher, biegefest und temperaturbest\u00e4ndig bei 90\u00b0<\/p>\n","protected":false},"featured_media":121110,"comment_status":"open","ping_status":"closed","template":"","meta":{"_acf_changed":false,"_monsterinsights_skip_tracking":false,"_monsterinsights_sitenote_active":false,"_monsterinsights_sitenote_note":"","_monsterinsights_sitenote_category":0},"product_brand":[],"product_cat":[10640,2201,7279],"product_tag":[],"class_list":{"0":"post-121503","1":"product","2":"type-product","3":"status-publish","4":"has-post-thumbnail","6":"product_cat-duschsaeule-star-plus-02","7":"product_cat-hydroterapie","8":"product_cat-verstellbare-duschsaeule","9":"pa_brand-gedy-de-2","10":"pa_filtri-novita-de","11":"pa_filtri-universale-de","12":"pa_materiale-abs-de","13":"pa_materiale-rostfreier-stahl","14":"pa_numero-getti-3-de-2","16":"first","17":"instock","18":"shipping-taxable","19":"product-type-simple"},"acf":{"codice_breve_prodotto":"GYSC10252","codice_esteso_prodotto":"0000GYSC1025260","progetto":"","design":"","misure_tecniche":"49X28,8X144","idprodotto":"GYSC10252","universale":"universale","numero_getti":"3 getti","novita":"novit\u00e0","brand":"Gedy","materiale":"EDELSTAHL, ABS","finitura_1_codice":"81","finitura_1_nome":"GUN METAL","fissaggio_3":""},"_links":{"self":[{"href":"https:\/\/www.gedy.com\/de\/wp-json\/wp\/v2\/product\/121503","targetHints":{"allow":["GET"]}}],"collection":[{"href":"https:\/\/www.gedy.com\/de\/wp-json\/wp\/v2\/product"}],"about":[{"href":"https:\/\/www.gedy.com\/de\/wp-json\/wp\/v2\/types\/product"}],"replies":[{"embeddable":true,"href":"https:\/\/www.gedy.com\/de\/wp-json\/wp\/v2\/comments?post=121503"}],"wp:featuredmedia":[{"embeddable":true,"href":"https:\/\/www.gedy.com\/de\/wp-json\/wp\/v2\/media\/121110"}],"wp:attachment":[{"href":"https:\/\/www.gedy.com\/de\/wp-json\/wp\/v2\/media?parent=121503"}],"wp:term":[{"taxonomy":"product_brand","embeddable":true,"href":"https:\/\/www.gedy.com\/de\/wp-json\/wp\/v2\/product_brand?post=121503"},{"taxonomy":"product_cat","embeddable":true,"href":"https:\/\/www.gedy.com\/de\/wp-json\/wp\/v2\/product_cat?post=121503"},{"taxonomy":"product_tag","embeddable":true,"href":"https:\/\/www.gedy.com\/de\/wp-json\/wp\/v2\/product_tag?post=121503"}],"curies":[{"name":"wp","href":"https:\/\/api.w.org\/{rel}","templated":true}]}}