{"id":121075,"date":"2026-04-28T09:21:19","date_gmt":"2026-04-28T09:21:19","guid":{"rendered":"https:\/\/www.gedy.com\/prodotto\/tech-16-handbrause-3-funktionen-rosegold-2\/"},"modified":"2026-04-28T10:51:07","modified_gmt":"2026-04-28T10:51:07","slug":"tech-16-handbrause-3-funktionen-rosegold-2","status":"publish","type":"product","link":"https:\/\/www.gedy.com\/de\/prodotto\/tech-16-handbrause-3-funktionen-rosegold-2\/","title":{"rendered":"Tech 16 handbrause 3 funktionen ros\u00e9gold"},"content":{"rendered":"","protected":false},"excerpt":{"rendered":"<p>Handbrause 3 funktionen rain, tonic, rain und tonic effekt, mit den standard-universalma\u00dfen. plus produkt: alle ausgestattet mit sandifilter, einsatz f\u00fcr eine einfache entfernung von kalkablagerungen sowie filter f\u00fcr die verringerung des wasserverbrauch um bis zu 50%<\/p>\n","protected":false},"featured_media":123437,"comment_status":"open","ping_status":"closed","template":"","meta":{"_acf_changed":false,"_monsterinsights_skip_tracking":false,"_monsterinsights_sitenote_active":false,"_monsterinsights_sitenote_note":"","_monsterinsights_sitenote_category":0},"product_brand":[],"product_cat":[10669,4000,2201],"product_tag":[],"class_list":{"0":"post-121075","1":"product","2":"type-product","3":"status-publish","4":"has-post-thumbnail","6":"product_cat-handbrause-tech-16","7":"product_cat-handbrausen-de-6","8":"product_cat-hydroterapie","9":"pa_brand-gedy-de-2","10":"pa_filtri-novita-de","11":"pa_filtri-universale-de","12":"pa_materiale-abs-de","13":"pa_numero-getti-3-de-2","15":"first","16":"instock","17":"shipping-taxable","18":"product-type-simple"},"acf":{"codice_breve_prodotto":"GYHS10316","codice_esteso_prodotto":"0000GYHS1031620","progetto":"","design":"","misure_tecniche":"12x4,3x24,6","idprodotto":"GYHS10316","universale":"universale","numero_getti":"3 getti","novita":"novit\u00e0","brand":"Gedy","materiale":"ABS","finitura_1_codice":"82","finitura_1_nome":"ROSE GOLD","fissaggio_3":""},"_links":{"self":[{"href":"https:\/\/www.gedy.com\/de\/wp-json\/wp\/v2\/product\/121075","targetHints":{"allow":["GET"]}}],"collection":[{"href":"https:\/\/www.gedy.com\/de\/wp-json\/wp\/v2\/product"}],"about":[{"href":"https:\/\/www.gedy.com\/de\/wp-json\/wp\/v2\/types\/product"}],"replies":[{"embeddable":true,"href":"https:\/\/www.gedy.com\/de\/wp-json\/wp\/v2\/comments?post=121075"}],"wp:featuredmedia":[{"embeddable":true,"href":"https:\/\/www.gedy.com\/de\/wp-json\/wp\/v2\/media\/123437"}],"wp:attachment":[{"href":"https:\/\/www.gedy.com\/de\/wp-json\/wp\/v2\/media?parent=121075"}],"wp:term":[{"taxonomy":"product_brand","embeddable":true,"href":"https:\/\/www.gedy.com\/de\/wp-json\/wp\/v2\/product_brand?post=121075"},{"taxonomy":"product_cat","embeddable":true,"href":"https:\/\/www.gedy.com\/de\/wp-json\/wp\/v2\/product_cat?post=121075"},{"taxonomy":"product_tag","embeddable":true,"href":"https:\/\/www.gedy.com\/de\/wp-json\/wp\/v2\/product_tag?post=121075"}],"curies":[{"name":"wp","href":"https:\/\/api.w.org\/{rel}","templated":true}]}}