{"id":118397,"date":"2025-10-27T11:15:18","date_gmt":"2025-10-27T11:15:18","guid":{"rendered":"https:\/\/www.gedy.com\/product\/macaron-rollenhalter-fuer-kuetchenpapier-mattes-gruene-salbei\/"},"modified":"2025-10-27T12:23:30","modified_gmt":"2025-10-27T12:23:30","slug":"macaron-rollenhalter-fuer-kuetchenpapier-mattes-gruene-salbei","status":"publish","type":"product","link":"https:\/\/www.gedy.com\/de\/prodotto\/macaron-rollenhalter-fuer-kuetchenpapier-mattes-gruene-salbei\/","title":{"rendered":"Macaron rollenhalter f\u00fcr k\u00fctchenpapier mattes gr\u00fcne salbei"},"content":{"rendered":"","protected":false},"excerpt":{"rendered":"<p>Rollenhalter f\u00fcr k\u00fctchenpapier <\/p>\n","protected":false},"featured_media":118120,"comment_status":"open","ping_status":"closed","template":"","meta":{"_acf_changed":false,"_monsterinsights_skip_tracking":false,"_monsterinsights_sitenote_active":false,"_monsterinsights_sitenote_note":"","_monsterinsights_sitenote_category":0},"product_brand":[],"product_cat":[10433,10437,10444],"product_tag":[],"class_list":{"0":"post-118397","1":"product","2":"type-product","3":"status-publish","4":"has-post-thumbnail","6":"product_cat-gustory-de","7":"product_cat-kochprogramm","8":"product_cat-macaron-de","9":"pa_filtri-novita-de","10":"pa_materiale-kunststoff","12":"first","13":"instock","14":"shipping-taxable","15":"product-type-simple"},"acf":{"universale":"","idoneo_al_gel_igienizzante":"","accorciabilita":"","reversibile":"","doccia":"","vasca":"","numero_getti":"","prodotto_riciclato":"","novita":"novit\u00e0","made_in_italy":"","fissaggio_dallalto":"","video":false,"brand":"Gustory","chiusura_soft_close":"","con_cornice":"","fattore_di_ingrandimento":"","fissaggio":"","fissaggio_2":"","misure_commerciali":"","finitura_1_immagine":false,"materiale":"THERMOPLASTISCHE HARZE","finitura_1_codice":"17","finitura_1_nome":"MATTES GR\u00dcNE SALBEI","fissaggio_3":"","codice_breve_prodotto":"MA89","codice_esteso_prodotto":"0000MA891700300","misure_tecniche":"11,5X11,5X29","idprodotto":"MA89"},"_links":{"self":[{"href":"https:\/\/www.gedy.com\/de\/wp-json\/wp\/v2\/product\/118397","targetHints":{"allow":["GET"]}}],"collection":[{"href":"https:\/\/www.gedy.com\/de\/wp-json\/wp\/v2\/product"}],"about":[{"href":"https:\/\/www.gedy.com\/de\/wp-json\/wp\/v2\/types\/product"}],"replies":[{"embeddable":true,"href":"https:\/\/www.gedy.com\/de\/wp-json\/wp\/v2\/comments?post=118397"}],"wp:featuredmedia":[{"embeddable":true,"href":"https:\/\/www.gedy.com\/de\/wp-json\/wp\/v2\/media\/118120"}],"wp:attachment":[{"href":"https:\/\/www.gedy.com\/de\/wp-json\/wp\/v2\/media?parent=118397"}],"wp:term":[{"taxonomy":"product_brand","embeddable":true,"href":"https:\/\/www.gedy.com\/de\/wp-json\/wp\/v2\/product_brand?post=118397"},{"taxonomy":"product_cat","embeddable":true,"href":"https:\/\/www.gedy.com\/de\/wp-json\/wp\/v2\/product_cat?post=118397"},{"taxonomy":"product_tag","embeddable":true,"href":"https:\/\/www.gedy.com\/de\/wp-json\/wp\/v2\/product_tag?post=118397"}],"curies":[{"name":"wp","href":"https:\/\/api.w.org\/{rel}","templated":true}]}}