{"id":117859,"date":"2025-10-25T08:37:32","date_gmt":"2025-10-25T08:37:32","guid":{"rendered":"https:\/\/www.gedy.com\/product\/seventy-zahnbuertsenhalter-mattes-salbeigruen\/"},"modified":"2025-10-25T10:55:41","modified_gmt":"2025-10-25T10:55:41","slug":"seventy-zahnbuertsenhalter-mattes-salbeigruen","status":"publish","type":"product","link":"https:\/\/www.gedy.com\/de\/prodotto\/seventy-zahnbuertsenhalter-mattes-salbeigruen\/","title":{"rendered":"Seventy zahnb\u00fcrtsenhalter mattes salbeigr\u00fcn"},"content":{"rendered":"","protected":false},"excerpt":{"rendered":"<p>Zahnb\u00fcrsten-halter hergestellt aus recyceltem material aus italienischer nachhaltiger kette. 100 % recycelbares produkt<\/p>\n","protected":false},"featured_media":117409,"comment_status":"open","ping_status":"closed","template":"","meta":{"_acf_changed":false,"_monsterinsights_skip_tracking":false,"_monsterinsights_sitenote_active":false,"_monsterinsights_sitenote_note":"","_monsterinsights_sitenote_category":0},"product_brand":[],"product_cat":[5880,703,5892],"product_tag":[],"class_list":{"0":"post-117859","1":"product","2":"type-product","3":"status-publish","4":"has-post-thumbnail","6":"product_cat-seventy-ekopla-de-3","7":"product_cat-unterstuetzendes-zubehoer","8":"product_cat-zahnbuerstenhaltern-de-62","9":"pa_brand-gedy-de-2","10":"pa_filtri-novita-de","11":"pa_filtri-prodotto-riciclato-de","12":"pa_materiale-recycelte-thermoplastische-harze","14":"first","15":"instock","16":"shipping-taxable","17":"product-type-simple"},"acf":{"universale":"","idoneo_al_gel_igienizzante":"","accorciabilita":"","reversibile":"","doccia":"","vasca":"","numero_getti":"","prodotto_riciclato":"prodotto riciclato","novita":"novit\u00e0","made_in_italy":"Made in italy","fissaggio_dallalto":"","video":false,"brand":"Gedy","chiusura_soft_close":"","con_cornice":"","fattore_di_ingrandimento":"","fissaggio":"","fissaggio_2":"","misure_commerciali":"","finitura_1_immagine":false,"materiale":"RECYCELTE THERMOPLASTISCHE HARZE","finitura_1_codice":"12","finitura_1_nome":"SCHWARZ MATT","fissaggio_3":"","codice_breve_prodotto":"6398","codice_esteso_prodotto":"000063981700300","misure_tecniche":"6,5X6,5X12,2","idprodotto":"6398"},"_links":{"self":[{"href":"https:\/\/www.gedy.com\/de\/wp-json\/wp\/v2\/product\/117859","targetHints":{"allow":["GET"]}}],"collection":[{"href":"https:\/\/www.gedy.com\/de\/wp-json\/wp\/v2\/product"}],"about":[{"href":"https:\/\/www.gedy.com\/de\/wp-json\/wp\/v2\/types\/product"}],"replies":[{"embeddable":true,"href":"https:\/\/www.gedy.com\/de\/wp-json\/wp\/v2\/comments?post=117859"}],"wp:featuredmedia":[{"embeddable":true,"href":"https:\/\/www.gedy.com\/de\/wp-json\/wp\/v2\/media\/117409"}],"wp:attachment":[{"href":"https:\/\/www.gedy.com\/de\/wp-json\/wp\/v2\/media?parent=117859"}],"wp:term":[{"taxonomy":"product_brand","embeddable":true,"href":"https:\/\/www.gedy.com\/de\/wp-json\/wp\/v2\/product_brand?post=117859"},{"taxonomy":"product_cat","embeddable":true,"href":"https:\/\/www.gedy.com\/de\/wp-json\/wp\/v2\/product_cat?post=117859"},{"taxonomy":"product_tag","embeddable":true,"href":"https:\/\/www.gedy.com\/de\/wp-json\/wp\/v2\/product_tag?post=117859"}],"curies":[{"name":"wp","href":"https:\/\/api.w.org\/{rel}","templated":true}]}}