{"id":117179,"date":"2025-10-24T08:19:01","date_gmt":"2025-10-24T08:19:01","guid":{"rendered":"https:\/\/www.gedy.com\/product\/pirenei-wand-wc-buertsengarnitur-rosegold\/"},"modified":"2025-10-24T09:45:03","modified_gmt":"2025-10-24T09:45:03","slug":"pirenei-wand-wc-buertsengarnitur-rosegold","status":"publish","type":"product","link":"https:\/\/www.gedy.com\/de\/prodotto\/pirenei-wand-wc-buertsengarnitur-rosegold\/","title":{"rendered":"Pirenei wand-wc-b\u00fcrtsengarnitur ros\u00e9gold"},"content":{"rendered":"","protected":false},"excerpt":{"rendered":"<p>Wandb\u00fcrste mit schwarzem borstenmanschette und abnehmbarem innenbecher f\u00fcr einfache reinigung<\/p>\n","protected":false},"featured_media":116928,"comment_status":"open","ping_status":"closed","template":"","meta":{"_acf_changed":false,"_monsterinsights_skip_tracking":false,"_monsterinsights_sitenote_active":false,"_monsterinsights_sitenote_note":"","_monsterinsights_sitenote_category":0},"product_brand":[],"product_cat":[1211,443],"product_tag":[],"class_list":{"0":"post-117179","1":"product","2":"type-product","3":"status-publish","4":"has-post-thumbnail","6":"product_cat-pirenei-de","7":"product_cat-wandzubehoer","8":"pa_brand-gedy-de-2","9":"pa_filtri-novita-de","10":"pa_fissaggio-con-viti-de","11":"pa_materiale-cromall-de","12":"pa_materiale-messing","14":"first","15":"instock","16":"shipping-taxable","17":"product-type-simple"},"acf":{"universale":"","idoneo_al_gel_igienizzante":"","accorciabilita":"","reversibile":"","doccia":"","vasca":"","numero_getti":"","prodotto_riciclato":"","novita":"novit\u00e0","made_in_italy":"","fissaggio_dallalto":"","video":false,"brand":"Gedy","chiusura_soft_close":"","con_cornice":"","fattore_di_ingrandimento":"","fissaggio":"","fissaggio_2":"Mit SCHARAUBEN","misure_commerciali":"","finitura_1_immagine":false,"materiale":"MESSING, CROMALL\u00ae ","finitura_1_codice":"82","finitura_1_nome":"ROS\u00c9GOLD","fissaggio_3":"","codice_breve_prodotto":"PI33-03","codice_esteso_prodotto":"0000PI338200003","misure_tecniche":"8,4x10,4x37","idprodotto":"PI33-03"},"_links":{"self":[{"href":"https:\/\/www.gedy.com\/de\/wp-json\/wp\/v2\/product\/117179","targetHints":{"allow":["GET"]}}],"collection":[{"href":"https:\/\/www.gedy.com\/de\/wp-json\/wp\/v2\/product"}],"about":[{"href":"https:\/\/www.gedy.com\/de\/wp-json\/wp\/v2\/types\/product"}],"replies":[{"embeddable":true,"href":"https:\/\/www.gedy.com\/de\/wp-json\/wp\/v2\/comments?post=117179"}],"wp:featuredmedia":[{"embeddable":true,"href":"https:\/\/www.gedy.com\/de\/wp-json\/wp\/v2\/media\/116928"}],"wp:attachment":[{"href":"https:\/\/www.gedy.com\/de\/wp-json\/wp\/v2\/media?parent=117179"}],"wp:term":[{"taxonomy":"product_brand","embeddable":true,"href":"https:\/\/www.gedy.com\/de\/wp-json\/wp\/v2\/product_brand?post=117179"},{"taxonomy":"product_cat","embeddable":true,"href":"https:\/\/www.gedy.com\/de\/wp-json\/wp\/v2\/product_cat?post=117179"},{"taxonomy":"product_tag","embeddable":true,"href":"https:\/\/www.gedy.com\/de\/wp-json\/wp\/v2\/product_tag?post=117179"}],"curies":[{"name":"wp","href":"https:\/\/api.w.org\/{rel}","templated":true}]}}