{"id":116632,"date":"2025-10-23T14:26:38","date_gmt":"2025-10-23T14:26:38","guid":{"rendered":"https:\/\/www.gedy.com\/product\/trilly-staender-mit-papierrollenhalter-und-buerstengarnitur-rosegold\/"},"modified":"2025-10-23T15:35:12","modified_gmt":"2025-10-23T15:35:12","slug":"trilly-staender-mit-papierrollenhalter-und-buerstengarnitur-rosegold","status":"publish","type":"product","link":"https:\/\/www.gedy.com\/de\/prodotto\/trilly-staender-mit-papierrollenhalter-und-buerstengarnitur-rosegold\/","title":{"rendered":"Trilly st\u00e4nder mit papierrollenhalter und b\u00fcrstengarnitur ros\u00e9gold"},"content":{"rendered":"","protected":false},"excerpt":{"rendered":"<p>St\u00e4nder mit papierrollenhalter und b\u00fcrstengarnitur mit edelstahl basis. b\u00fcrste mit schwarzem borstenb\u00fcschel und abnehmbarem innenbecher geeignet f\u00fcr einfache reinigung<\/p>\n","protected":false},"featured_media":116427,"comment_status":"open","ping_status":"closed","template":"","meta":{"_acf_changed":false,"_monsterinsights_skip_tracking":false,"_monsterinsights_sitenote_active":false,"_monsterinsights_sitenote_note":"","_monsterinsights_sitenote_category":0},"product_brand":[],"product_cat":[3992,709,9611],"product_tag":[],"class_list":{"0":"post-116632","1":"product","2":"type-product","3":"status-publish","4":"has-post-thumbnail","6":"product_cat-handtuchstaender","7":"product_cat-moeblierungen","8":"product_cat-trilly-de","9":"pa_brand-gedy-de-2","10":"pa_filtri-novita-de","11":"pa_materiale-cromall-de","12":"pa_materiale-rostfreier-stahl","14":"first","15":"instock","16":"shipping-taxable","17":"product-type-simple"},"acf":{"universale":"","idoneo_al_gel_igienizzante":"","accorciabilita":"","reversibile":"","doccia":"","vasca":"","numero_getti":"","prodotto_riciclato":"","novita":"novit\u00e0","made_in_italy":"","fissaggio_dallalto":"","video":false,"brand":"Gedy","chiusura_soft_close":"","con_cornice":"","fattore_di_ingrandimento":"","fissaggio":"","fissaggio_2":"","misure_commerciali":"","finitura_1_immagine":false,"materiale":"EDELSTAHL, CROMALL\u00ae ","finitura_1_codice":"82","finitura_1_nome":"ROS\u00c9GOLD","fissaggio_3":"","codice_breve_prodotto":"TR32","codice_esteso_prodotto":"0000TR328200000","misure_tecniche":"14X14X63","idprodotto":"TR32"},"_links":{"self":[{"href":"https:\/\/www.gedy.com\/de\/wp-json\/wp\/v2\/product\/116632","targetHints":{"allow":["GET"]}}],"collection":[{"href":"https:\/\/www.gedy.com\/de\/wp-json\/wp\/v2\/product"}],"about":[{"href":"https:\/\/www.gedy.com\/de\/wp-json\/wp\/v2\/types\/product"}],"replies":[{"embeddable":true,"href":"https:\/\/www.gedy.com\/de\/wp-json\/wp\/v2\/comments?post=116632"}],"wp:featuredmedia":[{"embeddable":true,"href":"https:\/\/www.gedy.com\/de\/wp-json\/wp\/v2\/media\/116427"}],"wp:attachment":[{"href":"https:\/\/www.gedy.com\/de\/wp-json\/wp\/v2\/media?parent=116632"}],"wp:term":[{"taxonomy":"product_brand","embeddable":true,"href":"https:\/\/www.gedy.com\/de\/wp-json\/wp\/v2\/product_brand?post=116632"},{"taxonomy":"product_cat","embeddable":true,"href":"https:\/\/www.gedy.com\/de\/wp-json\/wp\/v2\/product_cat?post=116632"},{"taxonomy":"product_tag","embeddable":true,"href":"https:\/\/www.gedy.com\/de\/wp-json\/wp\/v2\/product_tag?post=116632"}],"curies":[{"name":"wp","href":"https:\/\/api.w.org\/{rel}","templated":true}]}}