{"id":116592,"date":"2025-10-23T14:02:47","date_gmt":"2025-10-23T14:02:47","guid":{"rendered":"https:\/\/www.gedy.com\/product\/thor-handtuchhalter-fuer-tueren-und-badmoebel-rosegold\/"},"modified":"2025-10-23T15:18:22","modified_gmt":"2025-10-23T15:18:22","slug":"thor-handtuchhalter-fuer-tueren-und-badmoebel-rosegold","status":"publish","type":"product","link":"https:\/\/www.gedy.com\/de\/prodotto\/thor-handtuchhalter-fuer-tueren-und-badmoebel-rosegold\/","title":{"rendered":"Thor handtuchhalter f\u00fcr t\u00fcren und badm\u00f6bel ros\u00e9gold"},"content":{"rendered":"","protected":false},"excerpt":{"rendered":"<p>Handtuchhalter f\u00fcr t\u00fcren und badm\u00f6bel, t\u00fcrfl\u00fcgel 20 mm <\/p>\n","protected":false},"featured_media":116281,"comment_status":"open","ping_status":"closed","template":"","meta":{"_acf_changed":false,"_monsterinsights_skip_tracking":false,"_monsterinsights_sitenote_active":false,"_monsterinsights_sitenote_note":"","_monsterinsights_sitenote_category":0},"product_brand":[],"product_cat":[3972,9760,709],"product_tag":[],"class_list":{"0":"post-116592","1":"product","2":"type-product","3":"status-publish","4":"has-post-thumbnail","6":"product_cat-haken-de-7","7":"product_cat-appendiabiti-tosca-de","8":"product_cat-moeblierungen","9":"pa_brand-gedy-de-2","10":"pa_filtri-novita-de","11":"pa_materiale-edelstahl-aisi-304","13":"first","14":"instock","15":"shipping-taxable","16":"product-type-simple"},"acf":{"universale":"","idoneo_al_gel_igienizzante":"","accorciabilita":"","reversibile":"","doccia":"","vasca":"","numero_getti":"","prodotto_riciclato":"","novita":"novit\u00e0","made_in_italy":"","fissaggio_dallalto":"","video":false,"brand":"Gedy","chiusura_soft_close":"","con_cornice":"","fattore_di_ingrandimento":"","fissaggio":"","fissaggio_2":"","misure_commerciali":"","finitura_1_immagine":false,"materiale":"EDELSTAHL AISI 304","finitura_1_codice":"82","finitura_1_nome":"ROS\u00c9GOLD","fissaggio_3":"","codice_breve_prodotto":"2129","codice_esteso_prodotto":"000021298200000","misure_tecniche":"30X6,9X4,7","idprodotto":"2129"},"_links":{"self":[{"href":"https:\/\/www.gedy.com\/de\/wp-json\/wp\/v2\/product\/116592","targetHints":{"allow":["GET"]}}],"collection":[{"href":"https:\/\/www.gedy.com\/de\/wp-json\/wp\/v2\/product"}],"about":[{"href":"https:\/\/www.gedy.com\/de\/wp-json\/wp\/v2\/types\/product"}],"replies":[{"embeddable":true,"href":"https:\/\/www.gedy.com\/de\/wp-json\/wp\/v2\/comments?post=116592"}],"wp:featuredmedia":[{"embeddable":true,"href":"https:\/\/www.gedy.com\/de\/wp-json\/wp\/v2\/media\/116281"}],"wp:attachment":[{"href":"https:\/\/www.gedy.com\/de\/wp-json\/wp\/v2\/media?parent=116592"}],"wp:term":[{"taxonomy":"product_brand","embeddable":true,"href":"https:\/\/www.gedy.com\/de\/wp-json\/wp\/v2\/product_brand?post=116592"},{"taxonomy":"product_cat","embeddable":true,"href":"https:\/\/www.gedy.com\/de\/wp-json\/wp\/v2\/product_cat?post=116592"},{"taxonomy":"product_tag","embeddable":true,"href":"https:\/\/www.gedy.com\/de\/wp-json\/wp\/v2\/product_tag?post=116592"}],"curies":[{"name":"wp","href":"https:\/\/api.w.org\/{rel}","templated":true}]}}