{"id":116113,"date":"2025-10-23T09:54:15","date_gmt":"2025-10-23T09:54:15","guid":{"rendered":"https:\/\/www.gedy.com\/product\/universal-vorhangstanges-mattes-schwarz\/"},"modified":"2025-10-23T10:53:51","modified_gmt":"2025-10-23T10:53:51","slug":"universal-vorhangstanges-mattes-schwarz","status":"publish","type":"product","link":"https:\/\/www.gedy.com\/de\/prodotto\/universal-vorhangstanges-mattes-schwarz\/","title":{"rendered":"Universal vorhangstanges mattes schwarz"},"content":{"rendered":"","protected":false},"excerpt":{"rendered":"<p>Universal vorhangstange \u00f8 25 dicke mm 0,6. es ist ratsam, f\u00fcr die verwendung in einem winkel, 240 cm duschvorh\u00e4nge zu verwenden, wenn die lange wand 158 oder 166 cm misst. es wird empfohlen, f\u00fcr die verwendung in einem winkel, die verwendung von 180 cm duschvorh\u00e4nge, wenn die lange wand misst, empfohlen wird die verwendung von 240 cm duschvorh\u00e4ngen zur verwendung an einer einzigen wand<\/p>\n","protected":false},"featured_media":119599,"comment_status":"open","ping_status":"closed","template":"","meta":{"_acf_changed":false,"_monsterinsights_skip_tracking":false,"_monsterinsights_sitenote_active":false,"_monsterinsights_sitenote_note":"","_monsterinsights_sitenote_category":0},"product_brand":[],"product_cat":[7228,7171,1367],"product_tag":[],"class_list":{"0":"post-116113","1":"product","2":"type-product","3":"status-publish","4":"has-post-thumbnail","6":"product_cat-duschstangen","7":"product_cat-universal-vorhangstanges","8":"product_cat-zubehoer-fuer-den-duschbereich","9":"pa_brand-gedy-de-2","10":"pa_filtri-novita-de","11":"pa_filtri-universale-de","12":"pa_materiale-aluminium-de","14":"first","15":"instock","16":"shipping-taxable","17":"product-type-simple"},"acf":{"universale":"universale","novita":"novit\u00e0","brand":"Gedy","misure_commerciali":"\u00d8 25 CM","finitura_1_immagine":{"ID":9504,"id":9504,"title":"14","filename":"14.jpg","filesize":9198,"url":"https:\/\/www.gedy.com\/wp-content\/uploads\/2023\/03\/14.jpg","link":"https:\/\/www.gedy.com\/de\/?attachment_id=9504","alt":"","author":"1","description":"","caption":"","name":"14-2","status":"inherit","uploaded_to":16388,"date":"2023-03-23 15:11:29","modified":"2023-09-28 14:37:40","menu_order":0,"mime_type":"image\/jpeg","type":"image","subtype":"jpeg","icon":"https:\/\/www.gedy.com\/wp-includes\/images\/media\/default.png","width":300,"height":300,"sizes":{"thumbnail":"https:\/\/www.gedy.com\/wp-content\/uploads\/2023\/03\/14-150x150.jpg","thumbnail-width":150,"thumbnail-height":150,"medium":"https:\/\/www.gedy.com\/wp-content\/uploads\/2023\/03\/14-300x300.jpg","medium-width":300,"medium-height":300,"medium_large":"https:\/\/www.gedy.com\/wp-content\/uploads\/2023\/03\/14.jpg","medium_large-width":300,"medium_large-height":300,"large":"https:\/\/www.gedy.com\/wp-content\/uploads\/2023\/03\/14.jpg","large-width":300,"large-height":300,"1536x1536":"https:\/\/www.gedy.com\/wp-content\/uploads\/2023\/03\/14.jpg","1536x1536-width":300,"1536x1536-height":300,"2048x2048":"https:\/\/www.gedy.com\/wp-content\/uploads\/2023\/03\/14.jpg","2048x2048-width":300,"2048x2048-height":300,"wptl-600x450":"https:\/\/www.gedy.com\/wp-content\/uploads\/2023\/03\/14.jpg","wptl-600x450-width":300,"wptl-600x450-height":300,"wptl-320x220":"https:\/\/www.gedy.com\/wp-content\/uploads\/2023\/03\/14-300x220.jpg","wptl-320x220-width":300,"wptl-320x220-height":220,"wptl-100x100":"https:\/\/www.gedy.com\/wp-content\/uploads\/2023\/03\/14-100x100.jpg","wptl-100x100-width":100,"wptl-100x100-height":100,"woocommerce_thumbnail":"https:\/\/www.gedy.com\/wp-content\/uploads\/2023\/03\/14-300x300.jpg","woocommerce_thumbnail-width":300,"woocommerce_thumbnail-height":300,"woocommerce_single":"https:\/\/www.gedy.com\/wp-content\/uploads\/2023\/03\/14.jpg","woocommerce_single-width":300,"woocommerce_single-height":300,"woocommerce_gallery_thumbnail":"https:\/\/www.gedy.com\/wp-content\/uploads\/2023\/03\/14-100x100.jpg","woocommerce_gallery_thumbnail-width":100,"woocommerce_gallery_thumbnail-height":100}},"materiale":"ALUMINIUM","finitura_1_codice":"14","finitura_1_nome":"MATTES SCHWARZ","fissaggio_3":"","codice_breve_prodotto":"TUNI900","codice_esteso_prodotto":"0000TUNI9001400","misure_tecniche":"86X82X86","idprodotto":"TUNI900"},"_links":{"self":[{"href":"https:\/\/www.gedy.com\/de\/wp-json\/wp\/v2\/product\/116113","targetHints":{"allow":["GET"]}}],"collection":[{"href":"https:\/\/www.gedy.com\/de\/wp-json\/wp\/v2\/product"}],"about":[{"href":"https:\/\/www.gedy.com\/de\/wp-json\/wp\/v2\/types\/product"}],"replies":[{"embeddable":true,"href":"https:\/\/www.gedy.com\/de\/wp-json\/wp\/v2\/comments?post=116113"}],"wp:featuredmedia":[{"embeddable":true,"href":"https:\/\/www.gedy.com\/de\/wp-json\/wp\/v2\/media\/119599"}],"wp:attachment":[{"href":"https:\/\/www.gedy.com\/de\/wp-json\/wp\/v2\/media?parent=116113"}],"wp:term":[{"taxonomy":"product_brand","embeddable":true,"href":"https:\/\/www.gedy.com\/de\/wp-json\/wp\/v2\/product_brand?post=116113"},{"taxonomy":"product_cat","embeddable":true,"href":"https:\/\/www.gedy.com\/de\/wp-json\/wp\/v2\/product_cat?post=116113"},{"taxonomy":"product_tag","embeddable":true,"href":"https:\/\/www.gedy.com\/de\/wp-json\/wp\/v2\/product_tag?post=116113"}],"curies":[{"name":"wp","href":"https:\/\/api.w.org\/{rel}","templated":true}]}}