{"id":115543,"date":"2025-10-22T16:03:42","date_gmt":"2025-10-22T16:03:42","guid":{"rendered":"https:\/\/www.gedy.com\/product\/sharon-wc-buerstengarnitur-mattes-azurblau\/"},"modified":"2025-10-22T16:23:19","modified_gmt":"2025-10-22T16:23:19","slug":"sharon-wc-buerstengarnitur-mattes-azurblau","status":"publish","type":"product","link":"https:\/\/www.gedy.com\/de\/prodotto\/sharon-wc-buerstengarnitur-mattes-azurblau\/","title":{"rendered":"Sharon wc-b\u00fcrstengarnitur mattes azurblau"},"content":{"rendered":"","protected":false},"excerpt":{"rendered":"<p>B\u00fcrste mit schwarz borstenmanschette und abnehmbarem innenbecher, der f\u00fcr einfache reinigung geeignet ist<\/p>\n","protected":false},"featured_media":115497,"comment_status":"open","ping_status":"closed","template":"","meta":{"_acf_changed":false,"_monsterinsights_skip_tracking":false,"_monsterinsights_sitenote_active":false,"_monsterinsights_sitenote_note":"","_monsterinsights_sitenote_category":0},"product_brand":[],"product_cat":[706,3957],"product_tag":[],"class_list":{"0":"post-115543","1":"product","2":"type-product","3":"status-publish","4":"has-post-thumbnail","6":"product_cat-wc-bereich-zubehoer","7":"product_cat-wc-buerstengarnituren-de-11","8":"pa_brand-gedy-de-2","9":"pa_filtri-novita-de","10":"pa_materiale-kunststoff","12":"first","13":"instock","14":"shipping-taxable","15":"product-type-simple"},"acf":{"universale":"","idoneo_al_gel_igienizzante":"","accorciabilita":"","reversibile":"","doccia":"","vasca":"","numero_getti":"","prodotto_riciclato":"","novita":"novit\u00e0","made_in_italy":"Made in italy","fissaggio_dallalto":"","video":false,"brand":"Gedy","chiusura_soft_close":"","con_cornice":"","fattore_di_ingrandimento":"","fissaggio":"","fissaggio_2":"","misure_commerciali":"","finitura_1_immagine":false,"materiale":"KUNSTSTOFF","finitura_1_codice":"62","finitura_1_nome":"MATTES AZURBLAU","fissaggio_3":"","codice_breve_prodotto":"SH33","codice_esteso_prodotto":"0000SH336200300","misure_tecniche":"\u00d8 9x38,4","idprodotto":"SH33"},"_links":{"self":[{"href":"https:\/\/www.gedy.com\/de\/wp-json\/wp\/v2\/product\/115543","targetHints":{"allow":["GET"]}}],"collection":[{"href":"https:\/\/www.gedy.com\/de\/wp-json\/wp\/v2\/product"}],"about":[{"href":"https:\/\/www.gedy.com\/de\/wp-json\/wp\/v2\/types\/product"}],"replies":[{"embeddable":true,"href":"https:\/\/www.gedy.com\/de\/wp-json\/wp\/v2\/comments?post=115543"}],"wp:featuredmedia":[{"embeddable":true,"href":"https:\/\/www.gedy.com\/de\/wp-json\/wp\/v2\/media\/115497"}],"wp:attachment":[{"href":"https:\/\/www.gedy.com\/de\/wp-json\/wp\/v2\/media?parent=115543"}],"wp:term":[{"taxonomy":"product_brand","embeddable":true,"href":"https:\/\/www.gedy.com\/de\/wp-json\/wp\/v2\/product_brand?post=115543"},{"taxonomy":"product_cat","embeddable":true,"href":"https:\/\/www.gedy.com\/de\/wp-json\/wp\/v2\/product_cat?post=115543"},{"taxonomy":"product_tag","embeddable":true,"href":"https:\/\/www.gedy.com\/de\/wp-json\/wp\/v2\/product_tag?post=115543"}],"curies":[{"name":"wp","href":"https:\/\/api.w.org\/{rel}","templated":true}]}}