{"id":115459,"date":"2025-10-22T14:34:31","date_gmt":"2025-10-22T14:34:31","guid":{"rendered":"https:\/\/www.gedy.com\/product\/jack-wc-buerstengarnitur-rosegold\/"},"modified":"2025-10-22T15:01:57","modified_gmt":"2025-10-22T15:01:57","slug":"jack-wc-buerstengarnitur-rosegold","status":"publish","type":"product","link":"https:\/\/www.gedy.com\/de\/prodotto\/jack-wc-buerstengarnitur-rosegold\/","title":{"rendered":"Jack wc-b\u00fcrstengarnitur ros\u00e9gold"},"content":{"rendered":"","protected":false},"excerpt":{"rendered":"<p>B\u00fcrste mit schwarz borstenmanschette und abnehmbarem innenbecher, der f\u00fcr einfache reinigung geeignet ist<\/p>\n","protected":false},"featured_media":115413,"comment_status":"open","ping_status":"closed","template":"","meta":{"_acf_changed":false,"_monsterinsights_skip_tracking":false,"_monsterinsights_sitenote_active":false,"_monsterinsights_sitenote_note":"","_monsterinsights_sitenote_category":0},"product_brand":[],"product_cat":[10151,706,3957],"product_tag":[],"class_list":{"0":"post-115459","1":"product","2":"type-product","3":"status-publish","4":"has-post-thumbnail","6":"product_cat-jack-de","7":"product_cat-wc-bereich-zubehoer","8":"product_cat-wc-buerstengarnituren-de-11","9":"pa_brand-gedy-de-2","10":"pa_filtri-novita-de","11":"pa_materiale-rostfreier-stahl","13":"first","14":"instock","15":"shipping-taxable","16":"product-type-simple"},"acf":{"universale":"","idoneo_al_gel_igienizzante":"","accorciabilita":"","reversibile":"","doccia":"","vasca":"","numero_getti":"","prodotto_riciclato":"","novita":"novit\u00e0","made_in_italy":"","fissaggio_dallalto":"","video":false,"brand":"Gedy","chiusura_soft_close":"","con_cornice":"","fattore_di_ingrandimento":"","fissaggio":"","fissaggio_2":"","misure_commerciali":"","finitura_1_immagine":false,"materiale":"EDELSTAHL","finitura_1_codice":"82","finitura_1_nome":" ROS\u00c9GOLD","fissaggio_3":"","codice_breve_prodotto":"1334","codice_esteso_prodotto":"000013348200000","misure_tecniche":"8,3X8,3X38","idprodotto":"1334"},"_links":{"self":[{"href":"https:\/\/www.gedy.com\/de\/wp-json\/wp\/v2\/product\/115459","targetHints":{"allow":["GET"]}}],"collection":[{"href":"https:\/\/www.gedy.com\/de\/wp-json\/wp\/v2\/product"}],"about":[{"href":"https:\/\/www.gedy.com\/de\/wp-json\/wp\/v2\/types\/product"}],"replies":[{"embeddable":true,"href":"https:\/\/www.gedy.com\/de\/wp-json\/wp\/v2\/comments?post=115459"}],"wp:featuredmedia":[{"embeddable":true,"href":"https:\/\/www.gedy.com\/de\/wp-json\/wp\/v2\/media\/115413"}],"wp:attachment":[{"href":"https:\/\/www.gedy.com\/de\/wp-json\/wp\/v2\/media?parent=115459"}],"wp:term":[{"taxonomy":"product_brand","embeddable":true,"href":"https:\/\/www.gedy.com\/de\/wp-json\/wp\/v2\/product_brand?post=115459"},{"taxonomy":"product_cat","embeddable":true,"href":"https:\/\/www.gedy.com\/de\/wp-json\/wp\/v2\/product_cat?post=115459"},{"taxonomy":"product_tag","embeddable":true,"href":"https:\/\/www.gedy.com\/de\/wp-json\/wp\/v2\/product_tag?post=115459"}],"curies":[{"name":"wp","href":"https:\/\/api.w.org\/{rel}","templated":true}]}}