{"id":115447,"date":"2025-10-22T14:27:56","date_gmt":"2025-10-22T14:27:56","guid":{"rendered":"https:\/\/www.gedy.com\/product\/flip-wand-wc-buertsengarnitur-gun-metal\/"},"modified":"2025-10-22T14:54:58","modified_gmt":"2025-10-22T14:54:58","slug":"flip-wand-wc-buertsengarnitur-gun-metal","status":"publish","type":"product","link":"https:\/\/www.gedy.com\/de\/prodotto\/flip-wand-wc-buertsengarnitur-gun-metal\/","title":{"rendered":"Flip wand-wc-b\u00fcrtsengarnitur gun metal"},"content":{"rendered":"","protected":false},"excerpt":{"rendered":"<p>Wandb\u00fcrste mit schwarz borstenmanschette und abnehmbarem innenbecher, der f\u00fcr einfache reinigung geeignet ist<\/p>\n","protected":false},"featured_media":115385,"comment_status":"open","ping_status":"closed","template":"","meta":{"_acf_changed":false,"_monsterinsights_skip_tracking":false,"_monsterinsights_sitenote_active":false,"_monsterinsights_sitenote_note":"","_monsterinsights_sitenote_category":0},"product_brand":[],"product_cat":[6376,3952,706],"product_tag":[],"class_list":{"0":"post-115447","1":"product","2":"type-product","3":"status-publish","4":"has-post-thumbnail","6":"product_cat-scopini-serie-flip-de","7":"product_cat-wand-wc-buerstengarnituren-de-6","8":"product_cat-wc-bereich-zubehoer","9":"pa_brand-gedy-de-2","10":"pa_filtri-novita-de","11":"pa_fissaggio-con-viti-de","12":"pa_materiale-rostfreier-stahl","14":"first","15":"instock","16":"shipping-taxable","17":"product-type-simple"},"acf":{"universale":"","idoneo_al_gel_igienizzante":"","accorciabilita":"","reversibile":"","doccia":"","vasca":"","numero_getti":"","prodotto_riciclato":"","novita":"novit\u00e0","made_in_italy":"","fissaggio_dallalto":"","video":false,"brand":"Gedy","chiusura_soft_close":"","con_cornice":"","fattore_di_ingrandimento":"","fissaggio":"","fissaggio_2":"Mit SCHARAUBEN","misure_commerciali":"","finitura_1_immagine":false,"materiale":"EDELSTAHL","finitura_1_codice":"81","finitura_1_nome":"GUN METAL","fissaggio_3":"","codice_breve_prodotto":"5233-03","codice_esteso_prodotto":"000052338100203","misure_tecniche":"9,1X10X37,7","idprodotto":"5233-03"},"_links":{"self":[{"href":"https:\/\/www.gedy.com\/de\/wp-json\/wp\/v2\/product\/115447","targetHints":{"allow":["GET"]}}],"collection":[{"href":"https:\/\/www.gedy.com\/de\/wp-json\/wp\/v2\/product"}],"about":[{"href":"https:\/\/www.gedy.com\/de\/wp-json\/wp\/v2\/types\/product"}],"replies":[{"embeddable":true,"href":"https:\/\/www.gedy.com\/de\/wp-json\/wp\/v2\/comments?post=115447"}],"wp:featuredmedia":[{"embeddable":true,"href":"https:\/\/www.gedy.com\/de\/wp-json\/wp\/v2\/media\/115385"}],"wp:attachment":[{"href":"https:\/\/www.gedy.com\/de\/wp-json\/wp\/v2\/media?parent=115447"}],"wp:term":[{"taxonomy":"product_brand","embeddable":true,"href":"https:\/\/www.gedy.com\/de\/wp-json\/wp\/v2\/product_brand?post=115447"},{"taxonomy":"product_cat","embeddable":true,"href":"https:\/\/www.gedy.com\/de\/wp-json\/wp\/v2\/product_cat?post=115447"},{"taxonomy":"product_tag","embeddable":true,"href":"https:\/\/www.gedy.com\/de\/wp-json\/wp\/v2\/product_tag?post=115447"}],"curies":[{"name":"wp","href":"https:\/\/api.w.org\/{rel}","templated":true}]}}