{"id":115443,"date":"2025-10-22T14:25:40","date_gmt":"2025-10-22T14:25:40","guid":{"rendered":"https:\/\/www.gedy.com\/product\/flip-wand-wc-buertsengarnitur-gebuerstet\/"},"modified":"2025-10-22T14:52:24","modified_gmt":"2025-10-22T14:52:24","slug":"flip-wand-wc-buertsengarnitur-gebuerstet","status":"publish","type":"product","link":"https:\/\/www.gedy.com\/de\/prodotto\/flip-wand-wc-buertsengarnitur-gebuerstet\/","title":{"rendered":"Flip wand-wc-b\u00fcrtsengarnitur geb\u00fcrstet"},"content":{"rendered":"","protected":false},"excerpt":{"rendered":"<p>Wandb\u00fcrste mit schwarz borstenmanschette und abnehmbarem innenbecher, der f\u00fcr einfache reinigung geeignet ist<\/p>\n","protected":false},"featured_media":115374,"comment_status":"open","ping_status":"closed","template":"","meta":{"_acf_changed":false,"_monsterinsights_skip_tracking":false,"_monsterinsights_sitenote_active":false,"_monsterinsights_sitenote_note":"","_monsterinsights_sitenote_category":0},"product_brand":[],"product_cat":[6376,3952,706],"product_tag":[],"class_list":{"0":"post-115443","1":"product","2":"type-product","3":"status-publish","4":"has-post-thumbnail","6":"product_cat-scopini-serie-flip-de","7":"product_cat-wand-wc-buerstengarnituren-de-6","8":"product_cat-wc-bereich-zubehoer","9":"pa_brand-gedy-de-2","10":"pa_filtri-novita-de","11":"pa_fissaggio-con-viti-de","12":"pa_materiale-rostfreier-stahl","14":"first","15":"instock","16":"shipping-taxable","17":"product-type-simple"},"acf":{"universale":"","idoneo_al_gel_igienizzante":"","accorciabilita":"","reversibile":"","doccia":"","vasca":"","numero_getti":"","prodotto_riciclato":"","novita":"novit\u00e0","made_in_italy":"","fissaggio_dallalto":"","video":false,"brand":"Gedy","chiusura_soft_close":"","con_cornice":"","fattore_di_ingrandimento":"","fissaggio":"","fissaggio_2":"Mit SCHARAUBEN","misure_commerciali":"","finitura_1_immagine":{"ID":9514,"id":9514,"title":"38","filename":"38.jpg","filesize":9263,"url":"https:\/\/www.gedy.com\/wp-content\/uploads\/2023\/03\/38.jpg","link":"https:\/\/www.gedy.com\/de\/?attachment_id=9514","alt":"","author":"1","description":"","caption":"","name":"38-2","status":"inherit","uploaded_to":72093,"date":"2023-03-23 15:11:29","modified":"2024-02-19 12:59:21","menu_order":0,"mime_type":"image\/jpeg","type":"image","subtype":"jpeg","icon":"https:\/\/www.gedy.com\/wp-includes\/images\/media\/default.png","width":300,"height":300,"sizes":{"thumbnail":"https:\/\/www.gedy.com\/wp-content\/uploads\/2023\/03\/38-150x150.jpg","thumbnail-width":150,"thumbnail-height":150,"medium":"https:\/\/www.gedy.com\/wp-content\/uploads\/2023\/03\/38-300x300.jpg","medium-width":300,"medium-height":300,"medium_large":"https:\/\/www.gedy.com\/wp-content\/uploads\/2023\/03\/38.jpg","medium_large-width":300,"medium_large-height":300,"large":"https:\/\/www.gedy.com\/wp-content\/uploads\/2023\/03\/38.jpg","large-width":300,"large-height":300,"1536x1536":"https:\/\/www.gedy.com\/wp-content\/uploads\/2023\/03\/38.jpg","1536x1536-width":300,"1536x1536-height":300,"2048x2048":"https:\/\/www.gedy.com\/wp-content\/uploads\/2023\/03\/38.jpg","2048x2048-width":300,"2048x2048-height":300,"wptl-600x450":"https:\/\/www.gedy.com\/wp-content\/uploads\/2023\/03\/38.jpg","wptl-600x450-width":300,"wptl-600x450-height":300,"wptl-320x220":"https:\/\/www.gedy.com\/wp-content\/uploads\/2023\/03\/38-300x220.jpg","wptl-320x220-width":300,"wptl-320x220-height":220,"wptl-100x100":"https:\/\/www.gedy.com\/wp-content\/uploads\/2023\/03\/38-100x100.jpg","wptl-100x100-width":100,"wptl-100x100-height":100,"woocommerce_thumbnail":"https:\/\/www.gedy.com\/wp-content\/uploads\/2023\/03\/38-300x300.jpg","woocommerce_thumbnail-width":300,"woocommerce_thumbnail-height":300,"woocommerce_single":"https:\/\/www.gedy.com\/wp-content\/uploads\/2023\/03\/38.jpg","woocommerce_single-width":300,"woocommerce_single-height":300,"woocommerce_gallery_thumbnail":"https:\/\/www.gedy.com\/wp-content\/uploads\/2023\/03\/38-100x100.jpg","woocommerce_gallery_thumbnail-width":100,"woocommerce_gallery_thumbnail-height":100}},"materiale":"EDELSTAHL","finitura_1_codice":"38","finitura_1_nome":"GEB\u00dcRSTET","fissaggio_3":"","codice_breve_prodotto":"5233-03","codice_esteso_prodotto":"000052333800203","misure_tecniche":"9,1X10X37,7","idprodotto":"5233-03"},"_links":{"self":[{"href":"https:\/\/www.gedy.com\/de\/wp-json\/wp\/v2\/product\/115443","targetHints":{"allow":["GET"]}}],"collection":[{"href":"https:\/\/www.gedy.com\/de\/wp-json\/wp\/v2\/product"}],"about":[{"href":"https:\/\/www.gedy.com\/de\/wp-json\/wp\/v2\/types\/product"}],"replies":[{"embeddable":true,"href":"https:\/\/www.gedy.com\/de\/wp-json\/wp\/v2\/comments?post=115443"}],"wp:featuredmedia":[{"embeddable":true,"href":"https:\/\/www.gedy.com\/de\/wp-json\/wp\/v2\/media\/115374"}],"wp:attachment":[{"href":"https:\/\/www.gedy.com\/de\/wp-json\/wp\/v2\/media?parent=115443"}],"wp:term":[{"taxonomy":"product_brand","embeddable":true,"href":"https:\/\/www.gedy.com\/de\/wp-json\/wp\/v2\/product_brand?post=115443"},{"taxonomy":"product_cat","embeddable":true,"href":"https:\/\/www.gedy.com\/de\/wp-json\/wp\/v2\/product_cat?post=115443"},{"taxonomy":"product_tag","embeddable":true,"href":"https:\/\/www.gedy.com\/de\/wp-json\/wp\/v2\/product_tag?post=115443"}],"curies":[{"name":"wp","href":"https:\/\/api.w.org\/{rel}","templated":true}]}}