{"id":114767,"date":"2025-03-04T08:52:27","date_gmt":"2025-03-04T08:52:27","guid":{"rendered":"https:\/\/www.gedy.com\/?post_type=product&#038;p=114767"},"modified":"2025-03-04T09:35:21","modified_gmt":"2025-03-04T09:35:21","slug":"thor-handtuchhalter-fur-turen-und-badmobel-mattes-schwarz-copia","status":"publish","type":"product","link":"https:\/\/www.gedy.com\/de\/prodotto\/thor-handtuchhalter-fur-turen-und-badmobel-mattes-schwarz-copia\/","title":{"rendered":"Tosca handtuchhalter f\u00fcr t\u00fcren und badm\u00f6bel gun metal"},"content":{"rendered":"","protected":false},"excerpt":{"rendered":"<p>Handtuchhalter f\u00fcr t\u00fcren und badm\u00f6bel, t\u00fcrfl\u00fcgel 20 mm<\/p>\n","protected":false},"featured_media":114814,"comment_status":"open","ping_status":"closed","template":"","meta":{"_acf_changed":false,"_monsterinsights_skip_tracking":false,"_monsterinsights_sitenote_active":false,"_monsterinsights_sitenote_note":"","_monsterinsights_sitenote_category":0},"product_brand":[],"product_cat":[3972,9760,709],"product_tag":[],"class_list":{"0":"post-114767","1":"product","2":"type-product","3":"status-publish","4":"has-post-thumbnail","6":"product_cat-haken-de-7","7":"product_cat-appendiabiti-tosca-de","8":"product_cat-moeblierungen","9":"pa_brand-gedy-de-2","10":"pa_filtri-novita-de","11":"pa_materiale-edelstahl-aisi-304","13":"first","14":"instock","15":"shipping-taxable","16":"product-type-simple"},"acf":{"novita":"novit\u00e0","finitura_1_immagine":{"ID":109249,"id":109249,"title":"81","filename":"81.jpg","filesize":22240,"url":"https:\/\/www.gedy.com\/wp-content\/uploads\/2024\/05\/81.jpg","link":"https:\/\/www.gedy.com\/de\/?attachment_id=109249","alt":"","author":"3","description":"","caption":"","name":"81-2","status":"inherit","uploaded_to":105497,"date":"2024-05-21 08:10:06","modified":"2024-05-21 08:10:06","menu_order":0,"mime_type":"image\/jpeg","type":"image","subtype":"jpeg","icon":"https:\/\/www.gedy.com\/wp-includes\/images\/media\/default.png","width":1500,"height":1500,"sizes":{"thumbnail":"https:\/\/www.gedy.com\/wp-content\/uploads\/2024\/05\/81-150x150.jpg","thumbnail-width":150,"thumbnail-height":150,"medium":"https:\/\/www.gedy.com\/wp-content\/uploads\/2024\/05\/81-300x300.jpg","medium-width":300,"medium-height":300,"medium_large":"https:\/\/www.gedy.com\/wp-content\/uploads\/2024\/05\/81-768x768.jpg","medium_large-width":768,"medium_large-height":768,"large":"https:\/\/www.gedy.com\/wp-content\/uploads\/2024\/05\/81-1024x1024.jpg","large-width":800,"large-height":800,"1536x1536":"https:\/\/www.gedy.com\/wp-content\/uploads\/2024\/05\/81.jpg","1536x1536-width":1500,"1536x1536-height":1500,"2048x2048":"https:\/\/www.gedy.com\/wp-content\/uploads\/2024\/05\/81.jpg","2048x2048-width":1500,"2048x2048-height":1500,"wptl-600x450":"https:\/\/www.gedy.com\/wp-content\/uploads\/2024\/05\/81-600x450.jpg","wptl-600x450-width":600,"wptl-600x450-height":450,"wptl-320x220":"https:\/\/www.gedy.com\/wp-content\/uploads\/2024\/05\/81-320x220.jpg","wptl-320x220-width":320,"wptl-320x220-height":220,"wptl-100x100":"https:\/\/www.gedy.com\/wp-content\/uploads\/2024\/05\/81-100x100.jpg","wptl-100x100-width":100,"wptl-100x100-height":100,"woocommerce_thumbnail":"https:\/\/www.gedy.com\/wp-content\/uploads\/2024\/05\/81-300x300.jpg","woocommerce_thumbnail-width":300,"woocommerce_thumbnail-height":300,"woocommerce_single":"https:\/\/www.gedy.com\/wp-content\/uploads\/2024\/05\/81-600x600.jpg","woocommerce_single-width":600,"woocommerce_single-height":600,"woocommerce_gallery_thumbnail":"https:\/\/www.gedy.com\/wp-content\/uploads\/2024\/05\/81-100x100.jpg","woocommerce_gallery_thumbnail-width":100,"woocommerce_gallery_thumbnail-height":100}},"codice_breve_prodotto":"2129","codice_esteso_prodotto":"000021298100000","progetto":"","design":"","brand":"Gedy","misure_tecniche":"37x6,9x4,7","idprodotto":"2129","materiale":"EDELSTAHL AISI 304","finitura_1_codice":"81","finitura_1_nome":"GUN METAL","fissaggio_3":"","dimensione":"","finitura_2_codice":"","finitura_3_codice":"","finitura_4_codice":"","finitura_2_nome":"","finitura_3_nome":"","finitura_4_nome":"","capacita":""},"_links":{"self":[{"href":"https:\/\/www.gedy.com\/de\/wp-json\/wp\/v2\/product\/114767","targetHints":{"allow":["GET"]}}],"collection":[{"href":"https:\/\/www.gedy.com\/de\/wp-json\/wp\/v2\/product"}],"about":[{"href":"https:\/\/www.gedy.com\/de\/wp-json\/wp\/v2\/types\/product"}],"replies":[{"embeddable":true,"href":"https:\/\/www.gedy.com\/de\/wp-json\/wp\/v2\/comments?post=114767"}],"wp:featuredmedia":[{"embeddable":true,"href":"https:\/\/www.gedy.com\/de\/wp-json\/wp\/v2\/media\/114814"}],"wp:attachment":[{"href":"https:\/\/www.gedy.com\/de\/wp-json\/wp\/v2\/media?parent=114767"}],"wp:term":[{"taxonomy":"product_brand","embeddable":true,"href":"https:\/\/www.gedy.com\/de\/wp-json\/wp\/v2\/product_brand?post=114767"},{"taxonomy":"product_cat","embeddable":true,"href":"https:\/\/www.gedy.com\/de\/wp-json\/wp\/v2\/product_cat?post=114767"},{"taxonomy":"product_tag","embeddable":true,"href":"https:\/\/www.gedy.com\/de\/wp-json\/wp\/v2\/product_tag?post=114767"}],"curies":[{"name":"wp","href":"https:\/\/api.w.org\/{rel}","templated":true}]}}