{"id":109929,"date":"2024-05-28T16:01:56","date_gmt":"2024-05-28T16:01:56","guid":{"rendered":"https:\/\/www.gedy.com\/product\/flip-wc-buerstengarnitur-gun-metal\/"},"modified":"2024-05-29T07:51:46","modified_gmt":"2024-05-29T07:51:46","slug":"flip-wc-buerstengarnitur-gun-metal","status":"publish","type":"product","link":"https:\/\/www.gedy.com\/de\/prodotto\/flip-wc-buerstengarnitur-gun-metal\/","title":{"rendered":"Flip wc-b\u00fcrstengarnitur gun metal"},"content":{"rendered":"","protected":false},"excerpt":{"rendered":"<p>B\u00fcrste mit schwarz borstenmanschette und abnehmbarem innenbecher, der f\u00fcr einfache reinigung geeignet ist<\/p>\n","protected":false},"featured_media":109768,"comment_status":"open","ping_status":"closed","template":"","meta":{"_acf_changed":false,"_monsterinsights_skip_tracking":false,"_monsterinsights_sitenote_active":false,"_monsterinsights_sitenote_note":"","_monsterinsights_sitenote_category":0},"product_brand":[],"product_cat":[6171,706,3957],"product_tag":[],"class_list":{"0":"post-109929","1":"product","2":"type-product","3":"status-publish","4":"has-post-thumbnail","6":"product_cat-flip-de","7":"product_cat-wc-bereich-zubehoer","8":"product_cat-wc-buerstengarnituren-de-11","9":"pa_brand-gedy-de-2","10":"pa_filtri-novita-de","11":"pa_materiale-rostfreier-stahl","13":"first","14":"instock","15":"shipping-taxable","16":"product-type-simple"},"acf":{"novita":"novit\u00e0","brand":"Gedy","finitura_1_immagine":{"ID":109249,"id":109249,"title":"81","filename":"81.jpg","filesize":22240,"url":"https:\/\/www.gedy.com\/wp-content\/uploads\/2024\/05\/81.jpg","link":"https:\/\/www.gedy.com\/de\/?attachment_id=109249","alt":"","author":"3","description":"","caption":"","name":"81-2","status":"inherit","uploaded_to":105497,"date":"2024-05-21 08:10:06","modified":"2024-05-21 08:10:06","menu_order":0,"mime_type":"image\/jpeg","type":"image","subtype":"jpeg","icon":"https:\/\/www.gedy.com\/wp-includes\/images\/media\/default.png","width":1500,"height":1500,"sizes":{"thumbnail":"https:\/\/www.gedy.com\/wp-content\/uploads\/2024\/05\/81-150x150.jpg","thumbnail-width":150,"thumbnail-height":150,"medium":"https:\/\/www.gedy.com\/wp-content\/uploads\/2024\/05\/81-300x300.jpg","medium-width":300,"medium-height":300,"medium_large":"https:\/\/www.gedy.com\/wp-content\/uploads\/2024\/05\/81-768x768.jpg","medium_large-width":768,"medium_large-height":768,"large":"https:\/\/www.gedy.com\/wp-content\/uploads\/2024\/05\/81-1024x1024.jpg","large-width":800,"large-height":800,"1536x1536":"https:\/\/www.gedy.com\/wp-content\/uploads\/2024\/05\/81.jpg","1536x1536-width":1500,"1536x1536-height":1500,"2048x2048":"https:\/\/www.gedy.com\/wp-content\/uploads\/2024\/05\/81.jpg","2048x2048-width":1500,"2048x2048-height":1500,"wptl-600x450":"https:\/\/www.gedy.com\/wp-content\/uploads\/2024\/05\/81-600x450.jpg","wptl-600x450-width":600,"wptl-600x450-height":450,"wptl-320x220":"https:\/\/www.gedy.com\/wp-content\/uploads\/2024\/05\/81-320x220.jpg","wptl-320x220-width":320,"wptl-320x220-height":220,"wptl-100x100":"https:\/\/www.gedy.com\/wp-content\/uploads\/2024\/05\/81-100x100.jpg","wptl-100x100-width":100,"wptl-100x100-height":100,"woocommerce_thumbnail":"https:\/\/www.gedy.com\/wp-content\/uploads\/2024\/05\/81-300x300.jpg","woocommerce_thumbnail-width":300,"woocommerce_thumbnail-height":300,"woocommerce_single":"https:\/\/www.gedy.com\/wp-content\/uploads\/2024\/05\/81-600x600.jpg","woocommerce_single-width":600,"woocommerce_single-height":600,"woocommerce_gallery_thumbnail":"https:\/\/www.gedy.com\/wp-content\/uploads\/2024\/05\/81-100x100.jpg","woocommerce_gallery_thumbnail-width":100,"woocommerce_gallery_thumbnail-height":100}},"materiale":"EDELSTAHL","finitura_1_codice":"81","finitura_1_nome":"GUN METAL","fissaggio_3":"","codice_breve_prodotto":"5233","codice_esteso_prodotto":"000052338100200","misure_tecniche":"9,1X9,1X37,7","idprodotto":"5233","dimensione":"","finitura_2_codice":"","finitura_3_codice":"","finitura_4_codice":"","finitura_2_nome":"","finitura_3_nome":"","finitura_4_nome":"","design":"","capacita":"","progetto":""},"_links":{"self":[{"href":"https:\/\/www.gedy.com\/de\/wp-json\/wp\/v2\/product\/109929","targetHints":{"allow":["GET"]}}],"collection":[{"href":"https:\/\/www.gedy.com\/de\/wp-json\/wp\/v2\/product"}],"about":[{"href":"https:\/\/www.gedy.com\/de\/wp-json\/wp\/v2\/types\/product"}],"replies":[{"embeddable":true,"href":"https:\/\/www.gedy.com\/de\/wp-json\/wp\/v2\/comments?post=109929"}],"wp:featuredmedia":[{"embeddable":true,"href":"https:\/\/www.gedy.com\/de\/wp-json\/wp\/v2\/media\/109768"}],"wp:attachment":[{"href":"https:\/\/www.gedy.com\/de\/wp-json\/wp\/v2\/media?parent=109929"}],"wp:term":[{"taxonomy":"product_brand","embeddable":true,"href":"https:\/\/www.gedy.com\/de\/wp-json\/wp\/v2\/product_brand?post=109929"},{"taxonomy":"product_cat","embeddable":true,"href":"https:\/\/www.gedy.com\/de\/wp-json\/wp\/v2\/product_cat?post=109929"},{"taxonomy":"product_tag","embeddable":true,"href":"https:\/\/www.gedy.com\/de\/wp-json\/wp\/v2\/product_tag?post=109929"}],"curies":[{"name":"wp","href":"https:\/\/api.w.org\/{rel}","templated":true}]}}