{"id":109199,"date":"2024-05-20T13:47:45","date_gmt":"2024-05-20T13:47:45","guid":{"rendered":"https:\/\/www.gedy.com\/product\/gemma-kosmetikspiegel-chrom\/"},"modified":"2024-05-24T12:51:48","modified_gmt":"2024-05-24T12:51:48","slug":"gemma-kosmetikspiegel-chrom","status":"publish","type":"product","link":"https:\/\/www.gedy.com\/de\/prodotto\/gemma-kosmetikspiegel-chrom\/","title":{"rendered":"Gemma kosmetikspiegel chrom"},"content":{"rendered":"","protected":false},"excerpt":{"rendered":"<p>Beidseitiger kosmetikspiegel mit und ohne vergr\u00f6sserung, mit led-licht. vergr\u00f6sserungsfaktor 5x. plus produkt: touchscreen-z\u00fcndung, mit dimmbarem LED-Licht mit Druckschalter. class exempt group en 62471, batterien nicht enthalten, 3v &#8211; 2w &#8211; 6000k\u00b0 &#8211; &lt;30 lumen<\/p>\n","protected":false},"featured_media":108990,"comment_status":"open","ping_status":"closed","template":"","meta":{"_acf_changed":false,"_monsterinsights_skip_tracking":false,"_monsterinsights_sitenote_active":false,"_monsterinsights_sitenote_note":"","_monsterinsights_sitenote_category":0},"product_brand":[],"product_cat":[5946,4007],"product_tag":[],"class_list":{"0":"post-109199","1":"product","2":"type-product","3":"status-publish","4":"has-post-thumbnail","6":"product_cat-spiegel-und-beleuchtung","7":"product_cat-vergroesserungsspiegeln-de-3","8":"pa_brand-gedy-de-2","9":"pa_filtri-novita-de","10":"pa_filtri-fattore-di-ingrandimento-de","11":"pa_materiale-glas","12":"pa_materiale-metall","14":"first","15":"instock","16":"shipping-taxable","17":"product-type-simple"},"acf":{"novita":"novit\u00e0","brand":"Gedy","fattore_di_ingrandimento":"fattore di ingrandimento","finitura_1_immagine":{"ID":9499,"id":9499,"title":"13","filename":"13.jpg","filesize":9201,"url":"https:\/\/www.gedy.com\/wp-content\/uploads\/2023\/03\/13.jpg","link":"https:\/\/www.gedy.com\/de\/?attachment_id=9499","alt":"","author":"1","description":"","caption":"","name":"13-2","status":"inherit","uploaded_to":16200,"date":"2023-03-23 15:11:28","modified":"2023-09-28 14:37:39","menu_order":0,"mime_type":"image\/jpeg","type":"image","subtype":"jpeg","icon":"https:\/\/www.gedy.com\/wp-includes\/images\/media\/default.png","width":300,"height":300,"sizes":{"thumbnail":"https:\/\/www.gedy.com\/wp-content\/uploads\/2023\/03\/13-150x150.jpg","thumbnail-width":150,"thumbnail-height":150,"medium":"https:\/\/www.gedy.com\/wp-content\/uploads\/2023\/03\/13-300x300.jpg","medium-width":300,"medium-height":300,"medium_large":"https:\/\/www.gedy.com\/wp-content\/uploads\/2023\/03\/13.jpg","medium_large-width":300,"medium_large-height":300,"large":"https:\/\/www.gedy.com\/wp-content\/uploads\/2023\/03\/13.jpg","large-width":300,"large-height":300,"1536x1536":"https:\/\/www.gedy.com\/wp-content\/uploads\/2023\/03\/13.jpg","1536x1536-width":300,"1536x1536-height":300,"2048x2048":"https:\/\/www.gedy.com\/wp-content\/uploads\/2023\/03\/13.jpg","2048x2048-width":300,"2048x2048-height":300,"wptl-600x450":"https:\/\/www.gedy.com\/wp-content\/uploads\/2023\/03\/13.jpg","wptl-600x450-width":300,"wptl-600x450-height":300,"wptl-320x220":"https:\/\/www.gedy.com\/wp-content\/uploads\/2023\/03\/13-300x220.jpg","wptl-320x220-width":300,"wptl-320x220-height":220,"wptl-100x100":"https:\/\/www.gedy.com\/wp-content\/uploads\/2023\/03\/13-100x100.jpg","wptl-100x100-width":100,"wptl-100x100-height":100,"woocommerce_thumbnail":"https:\/\/www.gedy.com\/wp-content\/uploads\/2023\/03\/13-300x300.jpg","woocommerce_thumbnail-width":300,"woocommerce_thumbnail-height":300,"woocommerce_single":"https:\/\/www.gedy.com\/wp-content\/uploads\/2023\/03\/13.jpg","woocommerce_single-width":300,"woocommerce_single-height":300,"woocommerce_gallery_thumbnail":"https:\/\/www.gedy.com\/wp-content\/uploads\/2023\/03\/13-100x100.jpg","woocommerce_gallery_thumbnail-width":100,"woocommerce_gallery_thumbnail-height":100}},"materiale":"METALL, GLAS","finitura_1_codice":"13","finitura_1_nome":"CHROM","fissaggio_3":"","codice_breve_prodotto":"2101","codice_esteso_prodotto":"000021011300000","misure_tecniche":"20,5X20,5X32,5","idprodotto":"2101","dimensione":"","finitura_2_codice":"","finitura_3_codice":"","finitura_4_codice":"","finitura_2_nome":"","finitura_3_nome":"","finitura_4_nome":"","design":"","capacita":"","progetto":""},"_links":{"self":[{"href":"https:\/\/www.gedy.com\/de\/wp-json\/wp\/v2\/product\/109199","targetHints":{"allow":["GET"]}}],"collection":[{"href":"https:\/\/www.gedy.com\/de\/wp-json\/wp\/v2\/product"}],"about":[{"href":"https:\/\/www.gedy.com\/de\/wp-json\/wp\/v2\/types\/product"}],"replies":[{"embeddable":true,"href":"https:\/\/www.gedy.com\/de\/wp-json\/wp\/v2\/comments?post=109199"}],"wp:featuredmedia":[{"embeddable":true,"href":"https:\/\/www.gedy.com\/de\/wp-json\/wp\/v2\/media\/108990"}],"wp:attachment":[{"href":"https:\/\/www.gedy.com\/de\/wp-json\/wp\/v2\/media?parent=109199"}],"wp:term":[{"taxonomy":"product_brand","embeddable":true,"href":"https:\/\/www.gedy.com\/de\/wp-json\/wp\/v2\/product_brand?post=109199"},{"taxonomy":"product_cat","embeddable":true,"href":"https:\/\/www.gedy.com\/de\/wp-json\/wp\/v2\/product_cat?post=109199"},{"taxonomy":"product_tag","embeddable":true,"href":"https:\/\/www.gedy.com\/de\/wp-json\/wp\/v2\/product_tag?post=109199"}],"curies":[{"name":"wp","href":"https:\/\/api.w.org\/{rel}","templated":true}]}}