{"id":109195,"date":"2024-05-20T13:45:14","date_gmt":"2024-05-20T13:45:14","guid":{"rendered":"https:\/\/www.gedy.com\/product\/gaia-kosmetikspiegel-mattes-gold\/"},"modified":"2024-05-24T12:13:30","modified_gmt":"2024-05-24T12:13:30","slug":"gaia-kosmetikspiegel-mattes-gold","status":"publish","type":"product","link":"https:\/\/www.gedy.com\/de\/prodotto\/gaia-kosmetikspiegel-mattes-gold\/","title":{"rendered":"Gaia kosmetikspiegel mattes gold"},"content":{"rendered":"","protected":false},"excerpt":{"rendered":"<p>Beidseitiger kosmetikspiegel mit und ohne vergr\u00f6sserung. vergr\u00f6sserungsfaktor 3x und erweiterbare unterst\u00fctzung<\/p>\n","protected":false},"featured_media":108974,"comment_status":"open","ping_status":"closed","template":"","meta":{"_acf_changed":false,"_monsterinsights_skip_tracking":false,"_monsterinsights_sitenote_active":false,"_monsterinsights_sitenote_note":"","_monsterinsights_sitenote_category":0},"product_brand":[],"product_cat":[9339,5946,4007],"product_tag":[],"class_list":{"0":"post-109195","1":"product","2":"type-product","3":"status-publish","4":"has-post-thumbnail","6":"product_cat-gaia-de","7":"product_cat-spiegel-und-beleuchtung","8":"product_cat-vergroesserungsspiegeln-de-3","9":"pa_brand-gedy-de-2","10":"pa_filtri-novita-de","11":"pa_filtri-fattore-di-ingrandimento-de","12":"pa_fissaggio-con-viti-de","13":"pa_materiale-glas","14":"pa_materiale-rostfreier-stahl","16":"first","17":"instock","18":"shipping-taxable","19":"product-type-simple"},"acf":{"novita":"novit\u00e0","brand":"Gedy","fattore_di_ingrandimento":"fattore di ingrandimento","fissaggio_2":"Mit SCHARAUBEN","finitura_1_immagine":{"ID":9534,"id":9534,"title":"88","filename":"88.jpg","filesize":9223,"url":"https:\/\/www.gedy.com\/wp-content\/uploads\/2023\/03\/88.jpg","link":"https:\/\/www.gedy.com\/de\/?attachment_id=9534","alt":"","author":"1","description":"","caption":"","name":"88-2","status":"inherit","uploaded_to":14292,"date":"2023-03-23 15:11:31","modified":"2023-03-28 15:36:16","menu_order":0,"mime_type":"image\/jpeg","type":"image","subtype":"jpeg","icon":"https:\/\/www.gedy.com\/wp-includes\/images\/media\/default.png","width":300,"height":300,"sizes":{"thumbnail":"https:\/\/www.gedy.com\/wp-content\/uploads\/2023\/03\/88-150x150.jpg","thumbnail-width":150,"thumbnail-height":150,"medium":"https:\/\/www.gedy.com\/wp-content\/uploads\/2023\/03\/88-300x300.jpg","medium-width":300,"medium-height":300,"medium_large":"https:\/\/www.gedy.com\/wp-content\/uploads\/2023\/03\/88.jpg","medium_large-width":300,"medium_large-height":300,"large":"https:\/\/www.gedy.com\/wp-content\/uploads\/2023\/03\/88.jpg","large-width":300,"large-height":300,"1536x1536":"https:\/\/www.gedy.com\/wp-content\/uploads\/2023\/03\/88.jpg","1536x1536-width":300,"1536x1536-height":300,"2048x2048":"https:\/\/www.gedy.com\/wp-content\/uploads\/2023\/03\/88.jpg","2048x2048-width":300,"2048x2048-height":300,"wptl-600x450":"https:\/\/www.gedy.com\/wp-content\/uploads\/2023\/03\/88.jpg","wptl-600x450-width":300,"wptl-600x450-height":300,"wptl-320x220":"https:\/\/www.gedy.com\/wp-content\/uploads\/2023\/03\/88-300x220.jpg","wptl-320x220-width":300,"wptl-320x220-height":220,"wptl-100x100":"https:\/\/www.gedy.com\/wp-content\/uploads\/2023\/03\/88-100x100.jpg","wptl-100x100-width":100,"wptl-100x100-height":100,"woocommerce_thumbnail":"https:\/\/www.gedy.com\/wp-content\/uploads\/2023\/03\/88-300x300.jpg","woocommerce_thumbnail-width":300,"woocommerce_thumbnail-height":300,"woocommerce_single":"https:\/\/www.gedy.com\/wp-content\/uploads\/2023\/03\/88.jpg","woocommerce_single-width":300,"woocommerce_single-height":300,"woocommerce_gallery_thumbnail":"https:\/\/www.gedy.com\/wp-content\/uploads\/2023\/03\/88-100x100.jpg","woocommerce_gallery_thumbnail-width":100,"woocommerce_gallery_thumbnail-height":100}},"materiale":"EDELSTAHL, GLAS, CROMALL\u00ae","finitura_1_codice":"88","finitura_1_nome":"MATTES GOLD","fissaggio_3":"","codice_breve_prodotto":"CO2024","codice_esteso_prodotto":"0000CO202488000","misure_tecniche":"23-26x3,6-29 max x31","idprodotto":"CO2024","dimensione":"","finitura_2_codice":"","finitura_3_codice":"","finitura_4_codice":"","finitura_2_nome":"","finitura_3_nome":"","finitura_4_nome":"","design":"","capacita":"","progetto":""},"_links":{"self":[{"href":"https:\/\/www.gedy.com\/de\/wp-json\/wp\/v2\/product\/109195","targetHints":{"allow":["GET"]}}],"collection":[{"href":"https:\/\/www.gedy.com\/de\/wp-json\/wp\/v2\/product"}],"about":[{"href":"https:\/\/www.gedy.com\/de\/wp-json\/wp\/v2\/types\/product"}],"replies":[{"embeddable":true,"href":"https:\/\/www.gedy.com\/de\/wp-json\/wp\/v2\/comments?post=109195"}],"wp:featuredmedia":[{"embeddable":true,"href":"https:\/\/www.gedy.com\/de\/wp-json\/wp\/v2\/media\/108974"}],"wp:attachment":[{"href":"https:\/\/www.gedy.com\/de\/wp-json\/wp\/v2\/media?parent=109195"}],"wp:term":[{"taxonomy":"product_brand","embeddable":true,"href":"https:\/\/www.gedy.com\/de\/wp-json\/wp\/v2\/product_brand?post=109195"},{"taxonomy":"product_cat","embeddable":true,"href":"https:\/\/www.gedy.com\/de\/wp-json\/wp\/v2\/product_cat?post=109195"},{"taxonomy":"product_tag","embeddable":true,"href":"https:\/\/www.gedy.com\/de\/wp-json\/wp\/v2\/product_tag?post=109195"}],"curies":[{"name":"wp","href":"https:\/\/api.w.org\/{rel}","templated":true}]}}