{"id":105501,"date":"2024-05-15T14:46:09","date_gmt":"2024-05-15T14:46:09","guid":{"rendered":"https:\/\/www.gedy.com\/product\/wizard-wc-buerstengarnituren-poliert\/"},"modified":"2024-05-15T14:58:20","modified_gmt":"2024-05-15T14:58:20","slug":"wizard-wc-buerstengarnituren-poliert","status":"publish","type":"product","link":"https:\/\/www.gedy.com\/de\/prodotto\/wizard-wc-buerstengarnituren-poliert\/","title":{"rendered":"Wizard wc-b\u00fcrstengarnituren poliert"},"content":{"rendered":"","protected":false},"excerpt":{"rendered":"<p>Wc-b\u00fcrtsengarnitur mit schwarzem borsten-aufsatz und abnehmbarem innenbecher f\u00fcr einfache reinigung<\/p>\n","protected":false},"featured_media":105313,"comment_status":"open","ping_status":"closed","template":"","meta":{"_acf_changed":false,"_monsterinsights_skip_tracking":false,"_monsterinsights_sitenote_active":false,"_monsterinsights_sitenote_note":"","_monsterinsights_sitenote_category":0},"product_brand":[],"product_cat":[443,10124,1259],"product_tag":[],"class_list":{"0":"post-105501","1":"product","2":"type-product","3":"status-publish","4":"has-post-thumbnail","6":"product_cat-wandzubehoer","7":"product_cat-wc-buerstengarnituren-der-wandserien-de-18","8":"product_cat-wizard-de","9":"pa_brand-gedy-de-2","10":"pa_filtri-novita-de","11":"pa_materiale-rostfreier-stahl","13":"first","14":"instock","15":"shipping-taxable","16":"product-type-simple"},"acf":{"novita":"novit\u00e0","finitura_1_immagine":{"ID":9499,"id":9499,"title":"13","filename":"13.jpg","filesize":9201,"url":"https:\/\/www.gedy.com\/wp-content\/uploads\/2023\/03\/13.jpg","link":"https:\/\/www.gedy.com\/de\/?attachment_id=9499","alt":"","author":"1","description":"","caption":"","name":"13-2","status":"inherit","uploaded_to":16200,"date":"2023-03-23 15:11:28","modified":"2023-09-28 14:37:39","menu_order":0,"mime_type":"image\/jpeg","type":"image","subtype":"jpeg","icon":"https:\/\/www.gedy.com\/wp-includes\/images\/media\/default.png","width":300,"height":300,"sizes":{"thumbnail":"https:\/\/www.gedy.com\/wp-content\/uploads\/2023\/03\/13-150x150.jpg","thumbnail-width":150,"thumbnail-height":150,"medium":"https:\/\/www.gedy.com\/wp-content\/uploads\/2023\/03\/13-300x300.jpg","medium-width":300,"medium-height":300,"medium_large":"https:\/\/www.gedy.com\/wp-content\/uploads\/2023\/03\/13.jpg","medium_large-width":300,"medium_large-height":300,"large":"https:\/\/www.gedy.com\/wp-content\/uploads\/2023\/03\/13.jpg","large-width":300,"large-height":300,"1536x1536":"https:\/\/www.gedy.com\/wp-content\/uploads\/2023\/03\/13.jpg","1536x1536-width":300,"1536x1536-height":300,"2048x2048":"https:\/\/www.gedy.com\/wp-content\/uploads\/2023\/03\/13.jpg","2048x2048-width":300,"2048x2048-height":300,"wptl-600x450":"https:\/\/www.gedy.com\/wp-content\/uploads\/2023\/03\/13.jpg","wptl-600x450-width":300,"wptl-600x450-height":300,"wptl-320x220":"https:\/\/www.gedy.com\/wp-content\/uploads\/2023\/03\/13-300x220.jpg","wptl-320x220-width":300,"wptl-320x220-height":220,"wptl-100x100":"https:\/\/www.gedy.com\/wp-content\/uploads\/2023\/03\/13-100x100.jpg","wptl-100x100-width":100,"wptl-100x100-height":100,"woocommerce_thumbnail":"https:\/\/www.gedy.com\/wp-content\/uploads\/2023\/03\/13-300x300.jpg","woocommerce_thumbnail-width":300,"woocommerce_thumbnail-height":300,"woocommerce_single":"https:\/\/www.gedy.com\/wp-content\/uploads\/2023\/03\/13.jpg","woocommerce_single-width":300,"woocommerce_single-height":300,"woocommerce_gallery_thumbnail":"https:\/\/www.gedy.com\/wp-content\/uploads\/2023\/03\/13-100x100.jpg","woocommerce_gallery_thumbnail-width":100,"woocommerce_gallery_thumbnail-height":100}},"codice_breve_prodotto":"WZ33","codice_esteso_prodotto":"0000WZ331300100","progetto":"","design":"","brand":"Gedy","misure_tecniche":"7,6X7,6X36,9","idprodotto":"WZ33","materiale":"EDELSTAHL","finitura_1_codice":"13","finitura_1_nome":"POLIERT","fissaggio_3":""},"_links":{"self":[{"href":"https:\/\/www.gedy.com\/de\/wp-json\/wp\/v2\/product\/105501","targetHints":{"allow":["GET"]}}],"collection":[{"href":"https:\/\/www.gedy.com\/de\/wp-json\/wp\/v2\/product"}],"about":[{"href":"https:\/\/www.gedy.com\/de\/wp-json\/wp\/v2\/types\/product"}],"replies":[{"embeddable":true,"href":"https:\/\/www.gedy.com\/de\/wp-json\/wp\/v2\/comments?post=105501"}],"wp:featuredmedia":[{"embeddable":true,"href":"https:\/\/www.gedy.com\/de\/wp-json\/wp\/v2\/media\/105313"}],"wp:attachment":[{"href":"https:\/\/www.gedy.com\/de\/wp-json\/wp\/v2\/media?parent=105501"}],"wp:term":[{"taxonomy":"product_brand","embeddable":true,"href":"https:\/\/www.gedy.com\/de\/wp-json\/wp\/v2\/product_brand?post=105501"},{"taxonomy":"product_cat","embeddable":true,"href":"https:\/\/www.gedy.com\/de\/wp-json\/wp\/v2\/product_cat?post=105501"},{"taxonomy":"product_tag","embeddable":true,"href":"https:\/\/www.gedy.com\/de\/wp-json\/wp\/v2\/product_tag?post=105501"}],"curies":[{"name":"wp","href":"https:\/\/api.w.org\/{rel}","templated":true}]}}