{"id":115160,"date":"2023-08-02T10:21:25","date_gmt":"2023-08-02T10:21:25","guid":{"rendered":"https:\/\/www.gedy.com\/cookie-policy\/"},"modified":"2025-07-01T15:57:38","modified_gmt":"2025-07-01T15:57:38","slug":"cookie-policy","status":"publish","type":"page","link":"https:\/\/www.gedy.com\/de\/cookie-policy\/","title":{"rendered":"Cookie Policy"},"content":{"rendered":"\t\t<div data-elementor-type=\"wp-page\" data-elementor-id=\"115160\" class=\"elementor elementor-115160 elementor-329\" data-elementor-post-type=\"page\">\n\t\t\t\t\t\t<section class=\"elementor-section elementor-top-section elementor-element elementor-element-83f809f elementor-section-boxed elementor-section-height-default elementor-section-height-default\" data-id=\"83f809f\" data-element_type=\"section\" data-e-type=\"section\">\n\t\t\t\t\t\t<div class=\"elementor-container elementor-column-gap-default\">\n\t\t\t\t\t<div class=\"elementor-column elementor-col-100 elementor-top-column elementor-element elementor-element-cd812ca\" data-id=\"cd812ca\" data-element_type=\"column\" data-e-type=\"column\">\n\t\t\t<div class=\"elementor-widget-wrap elementor-element-populated\">\n\t\t\t\t\t\t<div class=\"elementor-element elementor-element-036e609 elementor-widget elementor-widget-heading\" data-id=\"036e609\" data-element_type=\"widget\" data-e-type=\"widget\" data-widget_type=\"heading.default\">\n\t\t\t\t<div class=\"elementor-widget-container\">\n\t\t\t\t\t<h2 class=\"elementor-heading-title elementor-size-xxl\">Cookie Policy<span style=\"color:red\">.<\/span><\/h2>\t\t\t\t<\/div>\n\t\t\t\t<\/div>\n\t\t\t\t<div class=\"elementor-element elementor-element-acc22cc elementor-widget elementor-widget-spacer\" data-id=\"acc22cc\" data-element_type=\"widget\" data-e-type=\"widget\" data-widget_type=\"spacer.default\">\n\t\t\t\t<div class=\"elementor-widget-container\">\n\t\t\t\t\t\t\t<div class=\"elementor-spacer\">\n\t\t\t<div class=\"elementor-spacer-inner\"><\/div>\n\t\t<\/div>\n\t\t\t\t\t\t<\/div>\n\t\t\t\t<\/div>\n\t\t\t\t\t<\/div>\n\t\t<\/div>\n\t\t\t\t\t<\/div>\n\t\t<\/section>\n\t\t\t\t<section class=\"elementor-section elementor-top-section elementor-element elementor-element-54b60c74 elementor-section-boxed elementor-section-height-default elementor-section-height-default\" data-id=\"54b60c74\" data-element_type=\"section\" data-e-type=\"section\">\n\t\t\t\t\t\t<div class=\"elementor-container elementor-column-gap-default\">\n\t\t\t\t\t<div class=\"elementor-column elementor-col-100 elementor-top-column elementor-element elementor-element-7a68141f\" data-id=\"7a68141f\" data-element_type=\"column\" data-e-type=\"column\">\n\t\t\t<div class=\"elementor-widget-wrap elementor-element-populated\">\n\t\t\t\t\t\t\t<\/div>\n\t\t<\/div>\n\t\t\t\t\t<\/div>\n\t\t<\/section>\n\t\t<div class=\"elementor-element elementor-element-dbb66ed e-flex e-con-boxed e-con e-parent\" data-id=\"dbb66ed\" data-element_type=\"container\" data-e-type=\"container\">\n\t\t\t\t\t<div class=\"e-con-inner\">\n\t\t\t\t<div class=\"elementor-element elementor-element-12496cb elementor-hidden-desktop elementor-hidden-tablet elementor-hidden-mobile elementor-widget elementor-widget-html\" data-id=\"12496cb\" data-element_type=\"widget\" data-e-type=\"widget\" data-widget_type=\"html.default\">\n\t\t\t\t<div class=\"elementor-widget-container\">\n\t\t\t\t\t<a href=\"https:\/\/www.iubenda.com\/privacy-policy\/55840675\/cookie-policy\" class=\"iubenda-white no-brand iubenda-noiframe iubenda-embed iubenda-noiframe iub-body-embed\" title=\"Cookie Policy\">Cookie Policy<\/a><script type=\"text\/javascript\">(function (w,d) {var loader = function () {var s = d.createElement(\"script\"), tag = d.getElementsByTagName(\"script\")[0]; s.src=\"https:\/\/cdn.iubenda.com\/iubenda.js\"; tag.parentNode.insertBefore(s,tag);}; if(w.addEventListener){w.addEventListener(\"load\", loader, false);}else if(w.attachEvent){w.attachEvent(\"onload\", loader);}else{w.onload = loader;}})(window, document);<\/script>\t\t\t\t<\/div>\n\t\t\t\t<\/div>\n\t\t\t\t\t<\/div>\n\t\t\t\t<\/div>\n\t\t<div class=\"elementor-element elementor-element-65087fd e-flex e-con-boxed e-con e-parent\" data-id=\"65087fd\" data-element_type=\"container\" data-e-type=\"container\">\n\t\t\t\t\t<div class=\"e-con-inner\">\n\t\t\t\t<div class=\"elementor-element elementor-element-ba7d617 elementor-widget elementor-widget-text-editor\" data-id=\"ba7d617\" data-element_type=\"widget\" data-e-type=\"widget\" data-widget_type=\"text-editor.default\">\n\t\t\t\t<div class=\"elementor-widget-container\">\n\t\t\t\t\t\t\t\t\t<p>Cookies policy <br \/>La presente informativa ha lo scopo specifico di illustrare le tipologie e le modalit\u00e0 di utilizzo, nonch\u00e9 di spiegare quali azioni intraprendere per rifiutare o eliminare i\u00a0cookie\u00a0presenti sul sito\u00a0https:\/\/www.gedy.com\/ (\u201cSito\u201d).<br \/>Titolare del trattamento<br \/>Titolare del trattamento \u00e8: <br \/>Gedy S.p.a. (\u201cGEDY\u201d\u00a0o\u00a0il \u201cTitolare\u201d)<br \/>P.IVA 0085412015<br \/>Sede legale: via Lorenzo Mascheroni, 1<br \/>Sede operativa: Via Dell&#8217;Industria, 6 &#8211; 21040 Origgio (VA), <br \/>Tel. 02969501, Mail info@gedy.com\u00a0<br \/>Definizione di cookie<br \/>I cookie sono piccoli file di testo contenenti una certa quantit\u00e0 di informazioni scambiate tra un sito internet ed il terminale dell\u2019utente (solitamente il browser), dove vengono memorizzati per essere poi ritrasmessi agli stessi siti alla successiva visita del medesimo utente. Essi sono principalmente utilizzati con lo scopo di far funzionare i siti web e farli operare in modo pi\u00f9 efficiente, nonch\u00e9 al fine di fornire informazioni ai proprietari del sito stesso. I cookie possono essere sia di sessione che persistenti. I cookies di sessione rimangono memorizzati nel terminale per un breve periodo di tempo e sono eliminati non appena l\u2019utente chiude il browser. Il loro utilizzo \u00e8 strettamente limitato alla trasmissione di identificativi di sessione (costituiti da numeri casuali generati dal server) necessari per consentire l\u2019esplorazione sicura ed efficiente del sito. I cookie persistenti invece rimangono archiviati nel terminale dell\u2019utente fino ad una scadenza prestabilita. Questi, non essendo cancellati direttamente alla chiusura del browser, consentono di ricordare le scelte operate dall\u2019utente sul proprio sito, nonch\u00e9 di raccogliere informazioni circa le pagine del sito visitate dall\u2019utente, la frequenza con la quale il sito viene visitato e per identificare il tracciato di navigazione degli utenti, al fine di migliorare l\u2019esperienza sul presente sito. Nel corso della navigazione su un sito, l\u2019utente pu\u00f2 ricevere sul suo terminale\u00a0cookie\u00a0di \u201cprima parte\u201d, quando sono gestiti direttamente dal proprietario e\/o dal gestore del sito, e anche\u00a0cookie\u00a0che vengono inviati da siti o da\u00a0web server\u00a0diversi (c.d.\u00a0cookie\u00a0di \u201cterze parti\u201d); ci\u00f2 accade perch\u00e9 sul sito\u00a0web\u00a0visitato possono essere presenti elementi che risiedono su server diversi da quello sul quale si trova il sito\u00a0web. In altre parole, sono quei\u00a0cookie\u00a0che vengono impostati da un sito\u00a0web\u00a0diverso da quello che si sta attualmente visitando.<br \/>I\u00a0cookie\u00a0possono essere distinti in tre diverse tipologie:<br \/>Cookie\u00a0tecnici: utilizzati al solo fine di consentire un corretto funzionamento del sito;<br \/>Cookie\u00a0analitici: utilizzati per raccogliere informazioni aggregate di natura prevalentemente statistica;<br \/>Cookie\u00a0di profilazione: volti a creare profili relativi all\u2019utente e utilizzati al fine di inviare messaggi pubblicitari in linea con le preferenze manifestate dallo stesso nell\u2019ambito della navigazione in rete.<br \/>I cookie del Sito <br \/>Il Titolare riceve e registra informazioni provenienti dal tuo browser quando si usa il Sito, che possono includere anche dati personali. Utilizziamo i cookie per raccogliere queste informazioni, che possono includere fra le altre anche: (i) indirizzo IP; (ii) unique cookie identifier, informazioni sui cookie e informazioni circa il fatto che il dispositivo disponga di software per accedere a determinate funzionalit\u00e0; (iii) unique device identifier e tipo di dispositivo; (iv) dominio, tipo di browser e lingua, (v) sistema operativo e impostazioni di sistema; (vi) paese e fuso orario; (vii) siti web precedentemente visitati; (viii) informazioni sulla vostra interazione con i nostri Siti, come i click effettuati, gli acquisti e le preferenze indicate; e (ix) tempi di accesso e URL di riferimento.<br \/>Anche terze parti possono raccogliere informazioni dal Sito tramite cookie. Le terze parti raccolgono i dati direttamente dal vostro browser web e l\u2019elaborazione ed il trattamento di questi dati \u00e8 soggetta alle rispettive privacy policies.<br \/>Utilizziamo cookie per monitorare l&#8217;utilizzo del Sito da parte dei nostri clienti e per comprendere le loro preferenze (come le scelte del paese e della lingua). Questo ci consente di fornire servizi ai nostri clienti e migliorare la loro esperienza online. Utilizziamo inoltre cookie per ottenere dati aggregati relativi al traffico del sito e relativi all\u2019interazione sul sito, per identificare le tendenze e ottenere statistiche in modo da poter sempre migliorare il nostro Sito. Esistono essenzialmente tre categorie di cookie utilizzati sul nostro Sito:<br \/>Necessari\/Funzionali: questi cookie sono necessari per le funzionalit\u00e0 di base del Sito e sono di conseguenza sempre abilitati. Questi includono i cookie che consentono di ricordare gli utenti nel momento in cui si naviga sul Sito in una singola sessione o, se richiesto, da una sessione all\u2019altra. Aiutano a fornire l\u2019assistenza per problemi di sicurezza e di conformit\u00e0 alle normative. Per l\u2019installazione di tali cookie non \u00e8 richiesto il preventivo consenso degli utenti del Sito.<br \/>Esperienza\/Prestazioni: questi cookie consentono di migliorare la funzionalit\u00e0 del nostro Sito e consentire le interazioni con contenuti, network e piattaforme esterni. In alcuni casi, questi cookie migliorano la velocit\u00e0 di elaborazione delle richieste e consentono di memorizzare le preferenze del sito selezionato. Rifiutare questi cookie pu\u00f2 portare a delle indicazioni poco specifiche e ad un funzionamento pi\u00f9 lento del Sito.<br \/>Misurazione: questi cookie consentono di misurare il traffico e analizzare il comportamento degli utenti per migliorare il servizio.<br \/>Per un riepilogo completo e aggiornato di tutte le terze parti che accedono al web browser, \u00e8 consigliabile installare un web browser plug-in creato appositamente. Si pu\u00f2 anche scegliere che il computer invii un avviso ogni volta che viene inviato un cookie, oppure si pu\u00f2 scegliere di disattivare tutti i cookie. Lo si pu\u00f2 fare nelle impostazioni del browser su ciascun browser e dispositivo che viene utilizzato. Ogni browser \u00e8 in parte diverso, quindi si dovr\u00e0 consultare il menu guida del browser per conoscere il modo corretto di modificare i cookie. Se si disattivano i cookie, si potrebbe non avere accesso a molte funzionalit\u00e0 che rendono i nostri Siti pi\u00f9 efficienti e alcuni dei nostri servizi non funzioneranno correttamente.<br \/>Come gestire le preferenze e prestare o revocare il consenso su questo Sito<br \/>Qualora l\u2019utilizzo dei Tracker sia basato sul consenso, l\u2019utente pu\u00f2 fornire o revocare tale consenso impostando o aggiornando le proprie preferenze tramite il relativo pannello delle scelte in materia di privacy disponibile su questo Sito.<br \/>Per quanto riguarda Strumenti di Tracciamento di terza parte, gli utenti possono gestire le proprie preferenze visitando il relativo link di opt out (qualora disponibile), utilizzando gli strumenti descritti nella privacy policy della terza parte o contattando quest&#8217;ultima direttamente.<\/p><p>Come controllare o eliminare Cookie e tecnologie simili tramite le impostazioni del tuo dispositivo<br \/>Gli utenti possono utilizzare le impostazioni del proprio browser per:<br \/>Vedere quali Cookie o altre tecnologie simili sono stati impostati sul dispositivo;<br \/>Bloccare Cookie o tecnologie simili;<br \/>Cancellare i Cookie o tecnologie simili dal browser.<br \/>Le impostazioni del browser, tuttavia, non consentono un controllo granulare del consenso per categoria.<br \/>Gli utenti possono, per esempio, trovare informazioni su come gestire i Cookie in alcuni dei browser pi\u00f9 diffusi ai seguenti indirizzi:<br \/>Chrome:\u00a0https:\/\/support.google.com\/chrome\/answer\/95647?hl=it<br \/>Internet Explorer:\u00a0https:\/\/windows.microsoft.com\/it-IT\/internet-explorer\/delete-manage-cookies#ie=ie-11<br \/>Opera:\u00a0https:\/\/help.opera.com\/Windows\/10.00\/it\/cookies.html<br \/>Safari per dispositivi mobili:\u00a0https:\/\/support.apple.com\/kb\/HT1677?viewlocale=it_IT<br \/>Safari per desktop:\u00a0https:\/\/support.apple.com\/kb\/PH19214?locale=it_IT<br \/>Firefox: \u00a0https:\/\/support.mozilla.org\/it\/products\/firefox\/protect-your-privacy\/cookies<br \/>Gli utenti possono inoltre gestire alcuni Strumenti di Tracciamento per applicazioni mobili disattivandoli tramite le apposite impostazioni del dispositivo, quali le impostazioni di pubblicit\u00e0 per dispositivi mobili o le impostazioni relative al tracciamento in generale (gli utenti possono consultare le impostazioni del dispositivo per individuare quella pertinente).<\/p><p>Conseguenze legate al rifiuto dell&#8217;utilizzo di Strumenti di Tracciamento<br \/>Gli utenti sono liberi di decidere se permettere o meno l\u2019utilizzo di Strumenti di Tracciamento. Tuttavia, si noti che gli Strumenti di Tracciamento consentono a questo Sito Web di fornire agli Utenti un\u2019esperienza migliore e funzionalit\u00e0 avanzate (in linea con le finalit\u00e0 delineate nel presente documento). Pertanto, qualora l&#8217;Utente decida di bloccare l&#8217;utilizzo di Strumenti di Tracciamento, il Titolare potrebbe non essere in grado di fornire le relative funzionalit\u00e0.<br \/>Diritti dell\u2019interessato <br \/>L\u2019utente pu\u00f2 esercitare in qualsiasi momento i diritti di cui agli artt. 15 e ss. Del Regolamento UE 2016\/679, in particolare il diritto di accesso ai dati, di rettifica, di cancellazione, limitazione, portabilit\u00e0 dei dati, di opposizione e di essere informato su trattamenti effettuati mediante processi decisionali automatizzati relativi alle persone fisiche, compresa la profilazione. In aggiunta, gli interessati hanno sempre il diritto di revocare il proprio consenso (ci\u00f2, in ogni caso, non pregiudicher\u00e0 la liceit\u00e0 dei trattamenti effettuati sulla base del consenso reso prima della revoca).<br \/>La richiesta di esercizio dei diritti elencati dovr\u00e0 pervenire contattando direttamente il Titolare a mezzo e-mail o a mezzo raccomandata agli indirizzi indicati supra.<br \/>L\u2019utente ha facolt\u00e0 che di proporre reclamo all\u2019Autorit\u00e0 garante per la protezione dei dati personali (art. 77 Reg. UE 2016\/679), o ricorso all\u2019Autorit\u00e0 giudiziaria competente (art. 79 Reg. UE 2016\/679).<\/p>\t\t\t\t\t\t\t\t<\/div>\n\t\t\t\t<\/div>\n\t\t\t\t\t<\/div>\n\t\t\t\t<\/div>\n\t\t\t\t<\/div>\n\t\t","protected":false},"excerpt":{"rendered":"<p>Cookie Policy. Cookie Policy Cookies policy La presente informativa ha lo scopo specifico di illustrare le tipologie e le modalit\u00e0 di utilizzo, nonch\u00e9 di spiegare quali azioni intraprendere per rifiutare o eliminare i\u00a0cookie\u00a0presenti sul sito\u00a0https:\/\/www.gedy.com\/ (\u201cSito\u201d).Titolare del trattamentoTitolare del trattamento \u00e8: Gedy S.p.a. (\u201cGEDY\u201d\u00a0o\u00a0il \u201cTitolare\u201d)P.IVA 0085412015Sede legale: via Lorenzo Mascheroni, 1Sede operativa: Via Dell&#8217;Industria, 6 [&hellip;]<\/p>\n","protected":false},"author":1,"featured_media":0,"parent":0,"menu_order":0,"comment_status":"closed","ping_status":"closed","template":"","meta":{"_acf_changed":false,"_monsterinsights_skip_tracking":false,"_monsterinsights_sitenote_active":false,"_monsterinsights_sitenote_note":"","_monsterinsights_sitenote_category":0,"footnotes":""},"class_list":["post-115160","page","type-page","status-publish","hentry"],"acf":[],"_links":{"self":[{"href":"https:\/\/www.gedy.com\/de\/wp-json\/wp\/v2\/pages\/115160","targetHints":{"allow":["GET"]}}],"collection":[{"href":"https:\/\/www.gedy.com\/de\/wp-json\/wp\/v2\/pages"}],"about":[{"href":"https:\/\/www.gedy.com\/de\/wp-json\/wp\/v2\/types\/page"}],"author":[{"embeddable":true,"href":"https:\/\/www.gedy.com\/de\/wp-json\/wp\/v2\/users\/1"}],"replies":[{"embeddable":true,"href":"https:\/\/www.gedy.com\/de\/wp-json\/wp\/v2\/comments?post=115160"}],"version-history":[{"count":6,"href":"https:\/\/www.gedy.com\/de\/wp-json\/wp\/v2\/pages\/115160\/revisions"}],"predecessor-version":[{"id":115212,"href":"https:\/\/www.gedy.com\/de\/wp-json\/wp\/v2\/pages\/115160\/revisions\/115212"}],"wp:attachment":[{"href":"https:\/\/www.gedy.com\/de\/wp-json\/wp\/v2\/media?parent=115160"}],"curies":[{"name":"wp","href":"https:\/\/api.w.org\/{rel}","templated":true}]}}